{"id":3339,"date":"2025-11-05T14:30:28","date_gmt":"2025-11-05T13:30:28","guid":{"rendered":"https:\/\/awb.de\/dormir-mejor\/"},"modified":"2025-12-02T13:50:06","modified_gmt":"2025-12-02T12:50:06","slug":"dormir-mejor","status":"publish","type":"page","link":"https:\/\/awb.de\/es\/dormir-mejor\/","title":{"rendered":"Dormir mejor"},"content":{"rendered":"\t\t<div data-elementor-type=\"wp-page\" data-elementor-id=\"3339\" class=\"elementor elementor-3339 elementor-2766\" data-elementor-post-type=\"page\">\n\t\t\t\t<div class=\"elementor-element elementor-element-6d9314b e-flex e-con-boxed e-con e-parent\" data-id=\"6d9314b\" data-element_type=\"container\" data-e-type=\"container\" data-settings=\"{&quot;background_background&quot;:&quot;slideshow&quot;,&quot;background_slideshow_slide_duration&quot;:2500,&quot;background_slideshow_transition_duration&quot;:2500,&quot;background_slideshow_ken_burns&quot;:&quot;yes&quot;,&quot;background_slideshow_gallery&quot;:[],&quot;background_slideshow_loop&quot;:&quot;yes&quot;,&quot;background_slideshow_slide_transition&quot;:&quot;fade&quot;,&quot;background_slideshow_ken_burns_zoom_direction&quot;:&quot;in&quot;}\">\n\t\t\t\t\t<div class=\"e-con-inner\">\n\t\t<div class=\"elementor-element elementor-element-cb5fc53 e-con-full e-flex e-con e-child\" data-id=\"cb5fc53\" data-element_type=\"container\" data-e-type=\"container\" data-settings=\"{&quot;background_background&quot;:&quot;slideshow&quot;,&quot;background_slideshow_gallery&quot;:[{&quot;id&quot;:3225,&quot;url&quot;:&quot;https:\\\/\\\/awb.de\\\/wp-content\\\/uploads\\\/2025\\\/08\\\/olivenbaumrinde-aus-der-nahe.jpg&quot;},{&quot;id&quot;:3226,&quot;url&quot;:&quot;https:\\\/\\\/awb.de\\\/wp-content\\\/uploads\\\/2025\\\/08\\\/sicht-auf-den-baumstamm-auf-dem-feld.jpg&quot;},{&quot;id&quot;:3227,&quot;url&quot;:&quot;https:\\\/\\\/awb.de\\\/wp-content\\\/uploads\\\/2025\\\/09\\\/durchsichtige-quarzkristallhaufen-mit-perfekt-geformten-sechseckigen-prismen.jpg&quot;},{&quot;id&quot;:3228,&quot;url&quot;:&quot;https:\\\/\\\/awb.de\\\/wp-content\\\/uploads\\\/2025\\\/09\\\/bergkristall-e1759092941173.jpg&quot;},{&quot;id&quot;:3229,&quot;url&quot;:&quot;https:\\\/\\\/awb.de\\\/wp-content\\\/uploads\\\/2025\\\/08\\\/reflexion-der-berge-und-alten-gebaude-im-see-mit-einem-holzernen-pier-im-vordergrund-scaled.jpg&quot;}],&quot;background_slideshow_ken_burns&quot;:&quot;yes&quot;,&quot;background_slideshow_loop&quot;:&quot;yes&quot;,&quot;background_slideshow_slide_duration&quot;:5000,&quot;background_slideshow_slide_transition&quot;:&quot;fade&quot;,&quot;background_slideshow_transition_duration&quot;:500,&quot;background_slideshow_ken_burns_zoom_direction&quot;:&quot;in&quot;}\">\n\t\t\t\t<\/div>\n\t\t\t\t\t<\/div>\n\t\t\t\t<\/div>\n\t\t<div class=\"elementor-element elementor-element-eb5fc29 e-flex e-con-boxed e-con e-parent\" data-id=\"eb5fc29\" data-element_type=\"container\" data-e-type=\"container\">\n\t\t\t\t\t<div class=\"e-con-inner\">\n\t\t\t\t<div class=\"elementor-element elementor-element-0fcf90e elementor-widget elementor-widget-heading\" data-id=\"0fcf90e\" data-element_type=\"widget\" data-e-type=\"widget\" data-widget_type=\"heading.default\">\n\t\t\t\t<div class=\"elementor-widget-container\">\n\t\t\t\t\t<h1 class=\"elementor-heading-title elementor-size-default\">Dormir mejor<\/h1>\t\t\t\t<\/div>\n\t\t\t\t<\/div>\n\t\t\t\t<div class=\"elementor-element elementor-element-6a9a93a elementor-widget elementor-widget-heading\" data-id=\"6a9a93a\" data-element_type=\"widget\" data-e-type=\"widget\" data-widget_type=\"heading.default\">\n\t\t\t\t<div class=\"elementor-widget-container\">\n\t\t\t\t\t<h2 class=\"elementor-heading-title elementor-size-default\">\u00bfDormir mejor de forma natural, sin medicamentos?<br> \u00a1Innumerables usuarios de Alpha Wave Box de Suiza informan exactamente lo mismo!<\/h2>\t\t\t\t<\/div>\n\t\t\t\t<\/div>\n\t\t\t\t<div class=\"elementor-element elementor-element-4b808b2 elementor-widget elementor-widget-text-editor\" data-id=\"4b808b2\" data-element_type=\"widget\" data-e-type=\"widget\" data-widget_type=\"text-editor.default\">\n\t\t\t\t<div class=\"elementor-widget-container\">\n\t\t\t\t\t\t\t\t\t<p>Descubra el <strong>poder natural de la frecuencia de resonancia terrestre,<\/strong> una vibraci\u00f3n inspirada en la naturaleza que desde hace mucho tiempo se asocia con una <strong>profunda paz interior y un mejor descanso<\/strong>.<br> <br>A diferencia de otros productos, Alpha Wave Box no solo genera la frecuencia fundamental, sino tambi\u00e9n la primera y segunda arm\u00f3nica. Esto refuerza el efecto y puede ayudar al cerebro a entrar m\u00e1s r\u00e1pidamente en el <strong>estado de ondas alfa,<\/strong> importante para el sue\u00f1o. <\/p>\t\t\t\t\t\t\t\t<\/div>\n\t\t\t\t<\/div>\n\t\t\t\t<div class=\"elementor-element elementor-element-6b0765b elementor-widget elementor-widget-heading\" data-id=\"6b0765b\" data-element_type=\"widget\" data-e-type=\"widget\" data-widget_type=\"heading.default\">\n\t\t\t\t<div class=\"elementor-widget-container\">\n\t\t\t\t\t<h2 class=\"elementor-heading-title elementor-size-default\">Combinaci\u00f3n para una relajaci\u00f3n m\u00e1xima<\/h2>\t\t\t\t<\/div>\n\t\t\t\t<\/div>\n\t\t\t\t<div class=\"elementor-element elementor-element-0f520aa elementor-widget elementor-widget-text-editor\" data-id=\"0f520aa\" data-element_type=\"widget\" data-e-type=\"widget\" data-widget_type=\"text-editor.default\">\n\t\t\t\t<div class=\"elementor-widget-container\">\n\t\t\t\t\t\t\t\t\t<p>La Alpha Wave Box, desarrollada en Suiza por el Prof. Dr. Ing. Udo Amend, es una combinaci\u00f3n revolucionaria dise\u00f1ada espec\u00edficamente para mejorar la calidad del sue\u00f1o.<\/p><p>Solo gracias a la interacci\u00f3n espec\u00edfica de un generador de resonancia terrestre especialmente dise\u00f1ado con:<\/p>\t\t\t\t\t\t\t\t<\/div>\n\t\t\t\t<\/div>\n\t\t\t\t<div class=\"elementor-element elementor-element-77ae64d elementor-icon-list--layout-traditional elementor-list-item-link-full_width elementor-widget elementor-widget-icon-list\" data-id=\"77ae64d\" data-element_type=\"widget\" data-e-type=\"widget\" data-widget_type=\"icon-list.default\">\n\t\t\t\t<div class=\"elementor-widget-container\">\n\t\t\t\t\t\t\t<ul class=\"elementor-icon-list-items\">\n\t\t\t\t\t\t\t<li class=\"elementor-icon-list-item\">\n\t\t\t\t\t\t\t\t\t\t\t<span class=\"elementor-icon-list-icon\">\n\t\t\t\t\t\t\t<i aria-hidden=\"true\" class=\"icon icon-leaf\"><\/i>\t\t\t\t\t\t<\/span>\n\t\t\t\t\t\t\t\t\t\t<span class=\"elementor-icon-list-text\">Madera de olivo rica en energ\u00eda procedente de un lugar especial en Mallorca.<\/span>\n\t\t\t\t\t\t\t\t\t<\/li>\n\t\t\t\t\t\t\t\t<li class=\"elementor-icon-list-item\">\n\t\t\t\t\t\t\t\t\t\t\t<span class=\"elementor-icon-list-icon\">\n\t\t\t\t\t\t\t<svg class=\"ekit-svg-icon icon-diamond11\" viewBox=\"0 0 32 32\" xmlns=\"http:\/\/www.w3.org\/2000\/svg\"><path d=\"M16 29.976c-0.143 0-0.279-0.063-0.37-0.173l-15.515-18.424c-0.145-0.173-0.153-0.423-0.017-0.603l5.818-7.758c0.091-0.122 0.236-0.194 0.388-0.194h19.394c0.152 0 0.297 0.072 0.388 0.194l5.818 7.758c0.136 0.18 0.128 0.431-0.017 0.603l-15.515 18.424c-0.091 0.11-0.228 0.173-0.37 0.173zM1.105 11.049l14.896 17.689 14.895-17.689-5.441-7.255h-18.909l-5.441 7.255zM31.515 11.552h-31.030c-0.268 0-0.485-0.216-0.485-0.485s0.217-0.485 0.485-0.485h31.030c0.268 0 0.485 0.217 0.485 0.485s-0.217 0.485-0.485 0.485zM16 29.976c-0.049 0-0.098-0.007-0.145-0.022-0.256-0.081-0.398-0.353-0.316-0.608l5.818-18.424c0.081-0.255 0.355-0.399 0.608-0.316 0.256 0.081 0.398 0.353 0.316 0.608l-5.818 18.424c-0.065 0.207-0.257 0.338-0.463 0.338zM16 29.976c-0.206 0-0.398-0.132-0.463-0.339l-5.818-18.424c-0.081-0.255 0.061-0.527 0.316-0.608 0.256-0.082 0.527 0.061 0.608 0.316l5.818 18.424c0.081 0.255-0.061 0.527-0.316 0.608-0.047 0.017-0.097 0.023-0.145 0.023zM10.182 11.552c-0.178 0-0.349-0.098-0.434-0.268l-3.879-7.758c-0.119-0.24-0.022-0.53 0.217-0.651s0.53-0.022 0.651 0.217l3.879 7.758c0.12 0.239 0.022 0.53-0.217 0.651-0.069 0.034-0.143 0.050-0.216 0.050zM10.182 11.552c-0.101 0-0.203-0.032-0.29-0.097-0.214-0.161-0.258-0.464-0.097-0.679l5.818-7.758c0.161-0.214 0.465-0.257 0.679-0.097s0.258 0.465 0.097 0.679l-5.818 7.758c-0.096 0.127-0.241 0.194-0.389 0.194zM21.818 11.552c-0.147 0-0.293-0.067-0.388-0.194l-5.818-7.758c-0.161-0.214-0.117-0.518 0.097-0.679s0.518-0.118 0.679 0.097l5.818 7.758c0.161 0.214 0.117 0.518-0.097 0.679-0.087 0.066-0.189 0.097-0.291 0.097zM21.818 11.552c-0.073 0-0.146-0.017-0.216-0.051-0.239-0.12-0.337-0.411-0.217-0.651l3.879-7.758c0.12-0.24 0.41-0.337 0.651-0.217s0.337 0.411 0.217 0.651l-3.879 7.758c-0.086 0.171-0.257 0.269-0.434 0.269z\"><\/path><\/svg>\t\t\t\t\t\t<\/span>\n\t\t\t\t\t\t\t\t\t\t<span class=\"elementor-icon-list-text\">Hasta nueve cristales de roca suizos tallados y pulidos en la caja, que purifican la energ\u00eda y amplifican la vibraci\u00f3n del generador.<\/span>\n\t\t\t\t\t\t\t\t\t<\/li>\n\t\t\t\t\t\t<\/ul>\n\t\t\t\t\t\t<\/div>\n\t\t\t\t<\/div>\n\t\t\t\t<div class=\"elementor-element elementor-element-a236243 elementor-widget elementor-widget-text-editor\" data-id=\"a236243\" data-element_type=\"widget\" data-e-type=\"widget\" data-widget_type=\"text-editor.default\">\n\t\t\t\t<div class=\"elementor-widget-container\">\n\t\t\t\t\t\t\t\t\t<p>Se ha creado un dispositivo con una intensidad de efecto sin precedentes que le ayuda a dormir de forma \u00f3ptima. Los usuarios informan de que: <\/p>\t\t\t\t\t\t\t\t<\/div>\n\t\t\t\t<\/div>\n\t\t\t\t<div class=\"elementor-element elementor-element-fa2bae1 elementor-icon-list--layout-traditional elementor-list-item-link-full_width elementor-widget elementor-widget-icon-list\" data-id=\"fa2bae1\" data-element_type=\"widget\" data-e-type=\"widget\" data-widget_type=\"icon-list.default\">\n\t\t\t\t<div class=\"elementor-widget-container\">\n\t\t\t\t\t\t\t<ul class=\"elementor-icon-list-items\">\n\t\t\t\t\t\t\t<li class=\"elementor-icon-list-item\">\n\t\t\t\t\t\t\t\t\t\t\t<span class=\"elementor-icon-list-icon\">\n\t\t\t\t\t\t\t<svg class=\"ekit-svg-icon icon-moon\" viewBox=\"0 0 32 32\" xmlns=\"http:\/\/www.w3.org\/2000\/svg\"><path d=\"M16.4 32c-4.381 0-8.499-1.706-11.597-4.803s-4.803-7.216-4.803-11.597c0-3.601 1.156-7 3.344-9.83 1.048-1.355 2.302-2.536 3.729-3.51 1.439-0.982 3.021-1.732 4.701-2.228 0.307-0.091 0.638 0.011 0.842 0.257s0.242 0.591 0.096 0.875c-1.031 2.011-1.512 3.928-1.512 6.035 0 7.499 6.101 13.6 13.6 13.6 2.107 0 4.024-0.48 6.035-1.512 0.285-0.146 0.629-0.108 0.875 0.096s0.347 0.535 0.257 0.842c-0.496 1.68-1.245 3.262-2.228 4.701-0.974 1.427-2.155 2.681-3.51 3.729-2.829 2.187-6.228 3.344-9.83 3.344zM10.512 2.184c-5.398 2.312-8.912 7.502-8.912 13.416 0 8.161 6.639 14.8 14.8 14.8 5.914 0 11.104-3.515 13.416-8.912-1.638 0.612-3.293 0.912-5.016 0.912-4.060 0-7.877-1.581-10.748-4.452s-4.452-6.688-4.452-10.748c0-1.723 0.3-3.378 0.912-5.016z\"><\/path><\/svg>\t\t\t\t\t\t<\/span>\n\t\t\t\t\t\t\t\t\t\t<span class=\"elementor-icon-list-text\">Dormir mejor y dormir toda la noche.<\/span>\n\t\t\t\t\t\t\t\t\t<\/li>\n\t\t\t\t\t\t\t\t<li class=\"elementor-icon-list-item\">\n\t\t\t\t\t\t\t\t\t\t\t<span class=\"elementor-icon-list-icon\">\n\t\t\t\t\t\t\t<svg class=\"ekit-svg-icon icon-clock-1\" viewBox=\"0 0 32 32\" xmlns=\"http:\/\/www.w3.org\/2000\/svg\"><path d=\"M23.244 9.394l6.444 1.694 1.625-6.444-1.238-0.325-1.063 4.056c-2.694-4.369-7.519-7.275-13.025-7.275-8.45 0-15.3 6.856-15.3 15.313s6.85 15.313 15.3 15.313c5.638 0 10.562-3.050 13.219-7.594l-1.206-0.581c-2.438 4.094-6.9 6.838-12.006 6.838-7.713 0-13.969-6.256-13.969-13.975s6.25-13.981 13.963-13.981c5.137 0 9.631 2.775 12.056 6.912l-4.475-1.188-0.325 1.238zM13.938 6.006v11.594l7.488 3.644 0.581-1.169-6.762-3.256v-10.813z\"><\/path><\/svg>\t\t\t\t\t\t<\/span>\n\t\t\t\t\t\t\t\t\t\t<span class=\"elementor-icon-list-text\">Experimentar una recuperaci\u00f3n m\u00e1s r\u00e1pida.<\/span>\n\t\t\t\t\t\t\t\t\t<\/li>\n\t\t\t\t\t\t\t\t<li class=\"elementor-icon-list-item\">\n\t\t\t\t\t\t\t\t\t\t\t<span class=\"elementor-icon-list-icon\">\n\t\t\t\t\t\t\t<svg class=\"ekit-svg-icon icon-sun\" viewBox=\"0 0 32 32\" xmlns=\"http:\/\/www.w3.org\/2000\/svg\"><path d=\"M15.2 23.988c-3.964 0-7.188-3.225-7.188-7.188s3.225-7.188 7.188-7.188 7.188 3.225 7.188 7.188-3.225 7.188-7.188 7.188zM15.2 11.212c-3.081 0-5.588 2.507-5.588 5.588s2.507 5.588 5.588 5.588 5.588-2.507 5.588-5.588-2.507-5.588-5.588-5.588zM15.2 8c-0.442 0-0.8-0.358-0.8-0.8v-4.8c0-0.442 0.358-0.8 0.8-0.8s0.8 0.358 0.8 0.8v4.8c0 0.442-0.358 0.8-0.8 0.8zM15.2 32c-0.442 0-0.8-0.358-0.8-0.8v-4.8c0-0.442 0.358-0.8 0.8-0.8s0.8 0.358 0.8 0.8v4.8c0 0.442-0.358 0.8-0.8 0.8zM5.6 17.6h-4.8c-0.442 0-0.8-0.358-0.8-0.8s0.358-0.8 0.8-0.8h4.8c0.442 0 0.8 0.358 0.8 0.8s-0.358 0.8-0.8 0.8zM29.6 17.6h-4.8c-0.442 0-0.8-0.358-0.8-0.8s0.358-0.8 0.8-0.8h4.8c0.442 0 0.8 0.358 0.8 0.8s-0.358 0.8-0.8 0.8zM7.2 9.6c-0.205 0-0.409-0.078-0.566-0.234l-3.2-3.2c-0.312-0.312-0.312-0.819 0-1.131s0.819-0.312 1.131 0l3.2 3.2c0.312 0.312 0.312 0.819 0 1.131-0.156 0.156-0.361 0.234-0.566 0.234zM4 28.8c-0.205 0-0.409-0.078-0.566-0.234-0.312-0.312-0.312-0.819 0-1.131l3.2-3.2c0.312-0.312 0.819-0.312 1.131 0s0.312 0.819 0 1.131l-3.2 3.2c-0.156 0.156-0.361 0.234-0.566 0.234zM26.4 28.8c-0.205 0-0.409-0.078-0.566-0.234l-3.2-3.2c-0.312-0.312-0.312-0.819 0-1.131s0.819-0.312 1.131 0l3.2 3.2c0.312 0.312 0.312 0.819 0 1.131-0.156 0.156-0.361 0.234-0.566 0.234zM23.2 9.6c-0.205 0-0.409-0.078-0.566-0.234-0.312-0.312-0.312-0.819 0-1.131l3.2-3.2c0.312-0.312 0.819-0.312 1.131 0s0.312 0.819 0 1.131l-3.2 3.2c-0.156 0.156-0.361 0.234-0.566 0.234z\"><\/path><\/svg>\t\t\t\t\t\t<\/span>\n\t\t\t\t\t\t\t\t\t\t<span class=\"elementor-icon-list-text\">Son mucho m\u00e1s eficientes por la ma\u00f1ana.<\/span>\n\t\t\t\t\t\t\t\t\t<\/li>\n\t\t\t\t\t\t<\/ul>\n\t\t\t\t\t\t<\/div>\n\t\t\t\t<\/div>\n\t\t\t\t<div class=\"elementor-element elementor-element-15352cd elementor-widget elementor-widget-heading\" data-id=\"15352cd\" data-element_type=\"widget\" data-e-type=\"widget\" data-widget_type=\"heading.default\">\n\t\t\t\t<div class=\"elementor-widget-container\">\n\t\t\t\t\t<h2 class=\"elementor-heading-title elementor-size-default\">Armon\u00eda en forma y funci\u00f3n<\/h2>\t\t\t\t<\/div>\n\t\t\t\t<\/div>\n\t\t\t\t<div class=\"elementor-element elementor-element-9050b2d elementor-widget elementor-widget-text-editor\" data-id=\"9050b2d\" data-element_type=\"widget\" data-e-type=\"widget\" data-widget_type=\"text-editor.default\">\n\t\t\t\t<div class=\"elementor-widget-container\">\n\t\t\t\t\t\t\t\t\t<p>Cada caja Alpha Wave Box est\u00e1 <strong>fabricada a mano<\/strong> con gran cuidado y dedicaci\u00f3n. La carcasa est\u00e1 hecha de madera de olivo, procedente de un lugar especial en Mallorca. Los cristales de roca de doble punta provienen de una legendaria monta\u00f1a suiza y son conocidos por sus propiedades purificadoras y potenciadoras. Para conservar todo su poder, los cristales necesitan un cuidado mensual: se retiran del dispositivo seg\u00fan el calendario lunar, se limpian con un l\u00edquido especial y se colocan a la luz de la luna llena durante la noche para recargar su energ\u00eda.   <\/p><p>Con este dispositivo port\u00e1til y recargable, podr\u00e1s disfrutar de los beneficios de la frecuencia de resonancia terrestre <strong>en cualquier momento<\/strong> y lugar para revolucionar tus h\u00e1bitos de sue\u00f1o.<\/p>\t\t\t\t\t\t\t\t<\/div>\n\t\t\t\t<\/div>\n\t\t\t\t\t<\/div>\n\t\t\t\t<\/div>\n\t\t\t\t<\/div>\n\t\t","protected":false},"excerpt":{"rendered":"<p>Dormir mejor \u00bfDormir mejor de forma natural, sin medicamentos? \u00a1Innumerables usuarios de Alpha Wave Box de Suiza informan exactamente lo mismo! Descubra el poder natural de la frecuencia de resonancia terrestre, una vibraci\u00f3n inspirada en la naturaleza que desde hace mucho tiempo se asocia con una profunda paz interior y un mejor descanso. A diferencia [&hellip;]<\/p>\n","protected":false},"author":1,"featured_media":0,"parent":0,"menu_order":2,"comment_status":"closed","ping_status":"closed","template":"","meta":{"_acf_changed":false,"footnotes":""},"class_list":["post-3339","page","type-page","status-publish","hentry"],"acf":[],"_links":{"self":[{"href":"https:\/\/awb.de\/es\/wp-json\/wp\/v2\/pages\/3339","targetHints":{"allow":["GET"]}}],"collection":[{"href":"https:\/\/awb.de\/es\/wp-json\/wp\/v2\/pages"}],"about":[{"href":"https:\/\/awb.de\/es\/wp-json\/wp\/v2\/types\/page"}],"author":[{"embeddable":true,"href":"https:\/\/awb.de\/es\/wp-json\/wp\/v2\/users\/1"}],"replies":[{"embeddable":true,"href":"https:\/\/awb.de\/es\/wp-json\/wp\/v2\/comments?post=3339"}],"version-history":[{"count":1,"href":"https:\/\/awb.de\/es\/wp-json\/wp\/v2\/pages\/3339\/revisions"}],"predecessor-version":[{"id":3340,"href":"https:\/\/awb.de\/es\/wp-json\/wp\/v2\/pages\/3339\/revisions\/3340"}],"wp:attachment":[{"href":"https:\/\/awb.de\/es\/wp-json\/wp\/v2\/media?parent=3339"}],"curies":[{"name":"wp","href":"https:\/\/api.w.org\/{rel}","templated":true}]}}