{"id":3768,"date":"2025-08-21T15:38:37","date_gmt":"2025-08-21T13:38:37","guid":{"rendered":"https:\/\/awb.de\/etudes\/"},"modified":"2025-12-09T16:56:57","modified_gmt":"2025-12-09T15:56:57","slug":"etudes","status":"publish","type":"page","link":"https:\/\/awb.de\/fr\/etudes\/","title":{"rendered":"\u00c9tudes"},"content":{"rendered":"\t\t<div data-elementor-type=\"wp-page\" data-elementor-id=\"3768\" class=\"elementor elementor-3768 elementor-784\" data-elementor-post-type=\"page\">\n\t\t\t\t<div class=\"elementor-element elementor-element-c48fa35 e-flex e-con-boxed e-con e-parent\" data-id=\"c48fa35\" data-element_type=\"container\" data-e-type=\"container\" data-settings=\"{&quot;background_background&quot;:&quot;slideshow&quot;,&quot;background_slideshow_slide_duration&quot;:2500,&quot;background_slideshow_transition_duration&quot;:2500,&quot;background_slideshow_ken_burns&quot;:&quot;yes&quot;,&quot;background_slideshow_gallery&quot;:[],&quot;background_slideshow_loop&quot;:&quot;yes&quot;,&quot;background_slideshow_slide_transition&quot;:&quot;fade&quot;,&quot;background_slideshow_ken_burns_zoom_direction&quot;:&quot;in&quot;}\">\n\t\t\t\t\t<div class=\"e-con-inner\">\n\t\t<div class=\"elementor-element elementor-element-2920860 e-con-full e-flex e-con e-child\" data-id=\"2920860\" data-element_type=\"container\" data-e-type=\"container\" data-settings=\"{&quot;background_background&quot;:&quot;slideshow&quot;,&quot;background_slideshow_ken_burns&quot;:&quot;yes&quot;,&quot;background_slideshow_gallery&quot;:[{&quot;id&quot;:3766,&quot;url&quot;:&quot;https:\\\/\\\/awb.de\\\/wp-content\\\/uploads\\\/2025\\\/09\\\/autogenes-training.jpg&quot;},{&quot;id&quot;:3685,&quot;url&quot;:&quot;https:\\\/\\\/awb.de\\\/wp-content\\\/uploads\\\/2025\\\/09\\\/bergkristall-e1759092941173.jpg&quot;},{&quot;id&quot;:3767,&quot;url&quot;:&quot;https:\\\/\\\/awb.de\\\/wp-content\\\/uploads\\\/2025\\\/09\\\/silhouette-frau-steht-am-strand-gegen-den-himmel-wahrend-der-nacht.jpg&quot;},{&quot;id&quot;:3682,&quot;url&quot;:&quot;https:\\\/\\\/awb.de\\\/wp-content\\\/uploads\\\/2025\\\/08\\\/olivenbaumrinde-aus-der-nahe.jpg&quot;}],&quot;background_slideshow_loop&quot;:&quot;yes&quot;,&quot;background_slideshow_slide_duration&quot;:5000,&quot;background_slideshow_slide_transition&quot;:&quot;fade&quot;,&quot;background_slideshow_transition_duration&quot;:500,&quot;background_slideshow_ken_burns_zoom_direction&quot;:&quot;in&quot;}\">\n\t\t\t\t<div class=\"elementor-element elementor-element-59c967a elementor-widget elementor-widget-menu-anchor\" data-id=\"59c967a\" data-element_type=\"widget\" data-e-type=\"widget\" data-widget_type=\"menu-anchor.default\">\n\t\t\t\t<div class=\"elementor-widget-container\">\n\t\t\t\t\t\t\t<div class=\"elementor-menu-anchor\" id=\"top\"><\/div>\n\t\t\t\t\t\t<\/div>\n\t\t\t\t<\/div>\n\t\t\t\t<\/div>\n\t\t\t\t\t<\/div>\n\t\t\t\t<\/div>\n\t\t<div class=\"elementor-element elementor-element-dd7bcff e-flex e-con-boxed e-con e-parent\" data-id=\"dd7bcff\" data-element_type=\"container\" data-e-type=\"container\">\n\t\t\t\t\t<div class=\"e-con-inner\">\n\t\t<div class=\"elementor-element elementor-element-5f20eb7 e-con-full e-flex e-con e-child\" data-id=\"5f20eb7\" data-element_type=\"container\" data-e-type=\"container\">\n\t\t\t\t<div class=\"elementor-element elementor-element-2483382 elementor-widget elementor-widget-heading\" data-id=\"2483382\" data-element_type=\"widget\" data-e-type=\"widget\" data-widget_type=\"heading.default\">\n\t\t\t\t<div class=\"elementor-widget-container\">\n\t\t\t\t\t<h1 class=\"elementor-heading-title elementor-size-default\">Les effets des ondes alpha \u2013 \u00e9tudi\u00e9s scientifiquement<\/h1>\t\t\t\t<\/div>\n\t\t\t\t<\/div>\n\t\t<div class=\"elementor-element elementor-element-0e739be e-con-full e-flex e-con e-child\" data-id=\"0e739be\" data-element_type=\"container\" data-e-type=\"container\">\n\t\t<div class=\"elementor-element elementor-element-9725b7e e-con-full e-flex e-con e-child\" data-id=\"9725b7e\" data-element_type=\"container\" data-e-type=\"container\">\n\t\t\t\t<div class=\"elementor-element elementor-element-c646e0b elementor-widget elementor-widget-heading\" data-id=\"c646e0b\" data-element_type=\"widget\" data-e-type=\"widget\" data-widget_type=\"heading.default\">\n\t\t\t\t<div class=\"elementor-widget-container\">\n\t\t\t\t\t<h2 class=\"elementor-heading-title elementor-size-default\">Nous ne voulons pas seulement croire, nous voulons savoir ! <\/h2>\t\t\t\t<\/div>\n\t\t\t\t<\/div>\n\t\t\t\t<div class=\"elementor-element elementor-element-56bef9b elementor-widget elementor-widget-text-editor\" data-id=\"56bef9b\" data-element_type=\"widget\" data-e-type=\"widget\" data-widget_type=\"text-editor.default\">\n\t\t\t\t<div class=\"elementor-widget-container\">\n\t\t\t\t\t\t\t\t\t<p><strong>Mieux dormir<\/strong> gr\u00e2ce au <strong>principe actif de l&rsquo;Alpha Wave Box<\/strong>, <strong>sans m\u00e9dicaments ni effets secondaires ?<\/strong> Une <strong>\u00e9tude men\u00e9e par plusieurs universit\u00e9s<\/strong> et h\u00f4pitaux \u00e0 Ta\u00efwan <strong>confirme une nette r\u00e9duction des troubles du sommeil !<\/strong><\/p>\t\t\t\t\t\t\t\t<\/div>\n\t\t\t\t<\/div>\n\t\t\t\t<\/div>\n\t\t<div class=\"elementor-element elementor-element-aa15d56 e-con-full e-flex e-con e-child\" data-id=\"aa15d56\" data-element_type=\"container\" data-e-type=\"container\">\n\t\t\t\t<\/div>\n\t\t\t\t<\/div>\n\t\t\t\t<div class=\"elementor-element elementor-element-354f4fa elementor-widget elementor-widget-text-editor\" data-id=\"354f4fa\" data-element_type=\"widget\" data-e-type=\"widget\" data-widget_type=\"text-editor.default\">\n\t\t\t\t<div class=\"elementor-widget-container\">\n\t\t\t\t\t\t\t\t\t<p>Afin d&rsquo;\u00e9tayer davantage ce r\u00e9sultat et de pr\u00e9senter <strong>le large \u00e9ventail d&rsquo;applications de l&rsquo;Alpha Wave Box<\/strong>, nous avons \u00e9tudi\u00e9 les effets de <strong>notre g\u00e9n\u00e9rateur de fr\u00e9quences<\/strong> dans le cadre de nos propres \u00e9tudes scientifiques. De la <strong>croissance des plantes \u00e0 la recherche sur la conscience : <\/strong>d\u00e9couvrez-en plus sur le contexte et les r\u00e9sultats de nos s\u00e9ries d&rsquo;exp\u00e9riences. <\/p>\t\t\t\t\t\t\t\t<\/div>\n\t\t\t\t<\/div>\n\t\t\t\t<div class=\"elementor-element elementor-element-d9f0ecf elementor-grid-3 elementor-grid-tablet-2 elementor-grid-mobile-1 elementor-posts--thumbnail-top elementor-posts__hover-gradient elementor-widget elementor-widget-posts\" data-id=\"d9f0ecf\" data-element_type=\"widget\" data-e-type=\"widget\" data-settings=\"{&quot;cards_columns&quot;:&quot;3&quot;,&quot;cards_columns_tablet&quot;:&quot;2&quot;,&quot;cards_columns_mobile&quot;:&quot;1&quot;,&quot;cards_row_gap&quot;:{&quot;unit&quot;:&quot;px&quot;,&quot;size&quot;:35,&quot;sizes&quot;:[]},&quot;cards_row_gap_tablet&quot;:{&quot;unit&quot;:&quot;px&quot;,&quot;size&quot;:&quot;&quot;,&quot;sizes&quot;:[]},&quot;cards_row_gap_mobile&quot;:{&quot;unit&quot;:&quot;px&quot;,&quot;size&quot;:&quot;&quot;,&quot;sizes&quot;:[]}}\" data-widget_type=\"posts.cards\">\n\t\t\t\t<div class=\"elementor-widget-container\">\n\t\t\t\t\t\t\t<div class=\"elementor-posts-container elementor-posts elementor-posts--skin-cards elementor-grid\" role=\"list\">\n\t\t\t\t<article class=\"elementor-post elementor-grid-item post-3938 post type-post status-publish format-standard has-post-thumbnail hentry\" role=\"listitem\">\n\t\t\t<div class=\"elementor-post__card\">\n\t\t\t\t<a class=\"elementor-post__thumbnail__link\" href=\"https:\/\/awb.de\/fr\/etude-1-effets-de-l-alpha-wave-box-sur-la-croissance-des-plantes\/\" tabindex=\"-1\" ><div class=\"elementor-post__thumbnail\"><img fetchpriority=\"high\" decoding=\"async\" width=\"768\" height=\"768\" src=\"https:\/\/awb.de\/wp-content\/uploads\/2025\/09\/studie-1-18-bohnenkeimlinge-nach-24h-waesserung-mit-alpha-waves-768x768.jpg\" class=\"attachment-medium_large size-medium_large wp-image-3806\" alt=\"\" srcset=\"https:\/\/awb.de\/wp-content\/uploads\/2025\/09\/studie-1-18-bohnenkeimlinge-nach-24h-waesserung-mit-alpha-waves-768x768.jpg 768w, https:\/\/awb.de\/wp-content\/uploads\/2025\/09\/studie-1-18-bohnenkeimlinge-nach-24h-waesserung-mit-alpha-waves-100x100.jpg 100w, https:\/\/awb.de\/wp-content\/uploads\/2025\/09\/studie-1-18-bohnenkeimlinge-nach-24h-waesserung-mit-alpha-waves-600x600.jpg 600w, https:\/\/awb.de\/wp-content\/uploads\/2025\/09\/studie-1-18-bohnenkeimlinge-nach-24h-waesserung-mit-alpha-waves-300x300.jpg 300w, https:\/\/awb.de\/wp-content\/uploads\/2025\/09\/studie-1-18-bohnenkeimlinge-nach-24h-waesserung-mit-alpha-waves-150x150.jpg 150w, https:\/\/awb.de\/wp-content\/uploads\/2025\/09\/studie-1-18-bohnenkeimlinge-nach-24h-waesserung-mit-alpha-waves.jpg 1000w\" sizes=\"(max-width: 768px) 100vw, 768px\" \/><\/div><\/a>\n\t\t\t\t<div class=\"elementor-post__text\">\n\t\t\t\t<h3 class=\"elementor-post__title\">\n\t\t\t<a href=\"https:\/\/awb.de\/fr\/etude-1-effets-de-l-alpha-wave-box-sur-la-croissance-des-plantes\/\" >\n\t\t\t\t\u00c9tude 1 | <br>Effets de l&rsquo;Alpha Wave Box sur la croissance des plantes\t\t\t<\/a>\n\t\t<\/h3>\n\t\t\n\t\t<a class=\"elementor-post__read-more\" href=\"https:\/\/awb.de\/fr\/etude-1-effets-de-l-alpha-wave-box-sur-la-croissance-des-plantes\/\" aria-label=\"En savoir plus sur \u00c9tude 1 | &lt;br&gt;Effets de l&rsquo;Alpha Wave Box sur la croissance des plantes\" tabindex=\"-1\" >\n\t\t\tContinuer la lecture \u00bb\t\t<\/a>\n\n\t\t\t\t<\/div>\n\t\t\t\t\t<\/div>\n\t\t<\/article>\n\t\t\t\t<article class=\"elementor-post elementor-grid-item post-3942 post type-post status-publish format-standard has-post-thumbnail hentry\" role=\"listitem\">\n\t\t\t<div class=\"elementor-post__card\">\n\t\t\t\t<a class=\"elementor-post__thumbnail__link\" href=\"https:\/\/awb.de\/fr\/etude-2-influence-de-la-volonte-sur-le-hasard\/\" tabindex=\"-1\" ><div class=\"elementor-post__thumbnail\"><img decoding=\"async\" width=\"459\" height=\"543\" src=\"https:\/\/awb.de\/wp-content\/uploads\/2025\/08\/zufallsgenerator.png\" class=\"attachment-medium_large size-medium_large wp-image-3771\" alt=\"\" srcset=\"https:\/\/awb.de\/wp-content\/uploads\/2025\/08\/zufallsgenerator.png 459w, https:\/\/awb.de\/wp-content\/uploads\/2025\/08\/zufallsgenerator-254x300.png 254w\" sizes=\"(max-width: 459px) 100vw, 459px\" \/><\/div><\/a>\n\t\t\t\t<div class=\"elementor-post__text\">\n\t\t\t\t<h3 class=\"elementor-post__title\">\n\t\t\t<a href=\"https:\/\/awb.de\/fr\/etude-2-influence-de-la-volonte-sur-le-hasard\/\" >\n\t\t\t\t\u00c9tude 2 | Influence de la volont\u00e9 sur le hasard\t\t\t<\/a>\n\t\t<\/h3>\n\t\t\n\t\t<a class=\"elementor-post__read-more\" href=\"https:\/\/awb.de\/fr\/etude-2-influence-de-la-volonte-sur-le-hasard\/\" aria-label=\"En savoir plus sur \u00c9tude 2 | Influence de la volont\u00e9 sur le hasard\" tabindex=\"-1\" >\n\t\t\tContinuer la lecture \u00bb\t\t<\/a>\n\n\t\t\t\t<\/div>\n\t\t\t\t\t<\/div>\n\t\t<\/article>\n\t\t\t\t<article class=\"elementor-post elementor-grid-item post-3945 post type-post status-publish format-standard has-post-thumbnail hentry category-non-categorise tag-etude-sur-le-sommeil-a-taiwan\" role=\"listitem\">\n\t\t\t<div class=\"elementor-post__card\">\n\t\t\t\t<a class=\"elementor-post__thumbnail__link\" href=\"https:\/\/awb.de\/fr\/etude-3-etude-sur-le-sommeil-a-taiwan\/\" tabindex=\"-1\" ><div class=\"elementor-post__thumbnail\"><img decoding=\"async\" width=\"768\" height=\"512\" src=\"https:\/\/awb.de\/wp-content\/uploads\/2025\/09\/resonanz-illustration-768x512.jpg\" class=\"attachment-medium_large size-medium_large wp-image-3778\" alt=\"\" srcset=\"https:\/\/awb.de\/wp-content\/uploads\/2025\/09\/resonanz-illustration-768x512.jpg 768w, https:\/\/awb.de\/wp-content\/uploads\/2025\/09\/resonanz-illustration-600x400.jpg 600w, https:\/\/awb.de\/wp-content\/uploads\/2025\/09\/resonanz-illustration-300x200.jpg 300w, https:\/\/awb.de\/wp-content\/uploads\/2025\/09\/resonanz-illustration-1024x683.jpg 1024w, https:\/\/awb.de\/wp-content\/uploads\/2025\/09\/resonanz-illustration.jpg 1200w\" sizes=\"(max-width: 768px) 100vw, 768px\" \/><\/div><\/a>\n\t\t\t\t<div class=\"elementor-post__text\">\n\t\t\t\t<h3 class=\"elementor-post__title\">\n\t\t\t<a href=\"https:\/\/awb.de\/fr\/etude-3-etude-sur-le-sommeil-a-taiwan\/\" >\n\t\t\t\t\u00c9tude 3 | \u00c9tude sur le sommeil men\u00e9e \u00e0 Ta\u00efwan\t\t\t<\/a>\n\t\t<\/h3>\n\t\t\n\t\t<a class=\"elementor-post__read-more\" href=\"https:\/\/awb.de\/fr\/etude-3-etude-sur-le-sommeil-a-taiwan\/\" aria-label=\"En savoir plus sur \u00c9tude 3 | \u00c9tude sur le sommeil men\u00e9e \u00e0 Ta\u00efwan\" tabindex=\"-1\" >\n\t\t\tContinuer la lecture \u00bb\t\t<\/a>\n\n\t\t\t\t<\/div>\n\t\t\t\t\t<\/div>\n\t\t<\/article>\n\t\t\t\t<article class=\"elementor-post elementor-grid-item post-3949 post type-post status-publish format-standard has-post-thumbnail hentry\" role=\"listitem\">\n\t\t\t<div class=\"elementor-post__card\">\n\t\t\t\t<a class=\"elementor-post__thumbnail__link\" href=\"https:\/\/awb.de\/fr\/etude-4-l-effet-de-l-alpha-wave-box-chez-les-animaux\/\" tabindex=\"-1\" ><div class=\"elementor-post__thumbnail\"><img loading=\"lazy\" decoding=\"async\" width=\"768\" height=\"678\" src=\"https:\/\/awb.de\/wp-content\/uploads\/2025\/09\/dackel-vito-768x678.jpg\" class=\"attachment-medium_large size-medium_large wp-image-3808\" alt=\"\" srcset=\"https:\/\/awb.de\/wp-content\/uploads\/2025\/09\/dackel-vito-768x678.jpg 768w, https:\/\/awb.de\/wp-content\/uploads\/2025\/09\/dackel-vito-600x529.jpg 600w, https:\/\/awb.de\/wp-content\/uploads\/2025\/09\/dackel-vito-300x265.jpg 300w, https:\/\/awb.de\/wp-content\/uploads\/2025\/09\/dackel-vito.jpg 943w\" sizes=\"(max-width: 768px) 100vw, 768px\" \/><\/div><\/a>\n\t\t\t\t<div class=\"elementor-post__text\">\n\t\t\t\t<h3 class=\"elementor-post__title\">\n\t\t\t<a href=\"https:\/\/awb.de\/fr\/etude-4-l-effet-de-l-alpha-wave-box-chez-les-animaux\/\" >\n\t\t\t\t\u00c9tude 4 | L&rsquo;effet de l&rsquo;Alpha Wave Box sur les animaux\t\t\t<\/a>\n\t\t<\/h3>\n\t\t\n\t\t<a class=\"elementor-post__read-more\" href=\"https:\/\/awb.de\/fr\/etude-4-l-effet-de-l-alpha-wave-box-chez-les-animaux\/\" aria-label=\"En savoir plus sur \u00c9tude 4 | L&rsquo;effet de l&rsquo;Alpha Wave Box sur les animaux\" tabindex=\"-1\" >\n\t\t\tContinuer la lecture \u00bb\t\t<\/a>\n\n\t\t\t\t<\/div>\n\t\t\t\t\t<\/div>\n\t\t<\/article>\n\t\t\t\t<article class=\"elementor-post elementor-grid-item post-3956 post type-post status-publish format-standard has-post-thumbnail hentry\" role=\"listitem\">\n\t\t\t<div class=\"elementor-post__card\">\n\t\t\t\t<a class=\"elementor-post__thumbnail__link\" href=\"https:\/\/awb.de\/fr\/etude-5-entrainement-autogene\/\" tabindex=\"-1\" ><div class=\"elementor-post__thumbnail\"><img loading=\"lazy\" decoding=\"async\" width=\"170\" height=\"113\" src=\"https:\/\/awb.de\/wp-content\/uploads\/2025\/09\/autogenes-training.jpg\" class=\"attachment-medium_large size-medium_large wp-image-3766\" alt=\"\" \/><\/div><\/a>\n\t\t\t\t<div class=\"elementor-post__text\">\n\t\t\t\t<h3 class=\"elementor-post__title\">\n\t\t\t<a href=\"https:\/\/awb.de\/fr\/etude-5-entrainement-autogene\/\" >\n\t\t\t\t\u00c9tude 5 | Entra\u00eenement autog\u00e8ne\t\t\t<\/a>\n\t\t<\/h3>\n\t\t\n\t\t<a class=\"elementor-post__read-more\" href=\"https:\/\/awb.de\/fr\/etude-5-entrainement-autogene\/\" aria-label=\"En savoir plus sur \u00c9tude 5 | Entra\u00eenement autog\u00e8ne\" tabindex=\"-1\" >\n\t\t\tContinuer la lecture \u00bb\t\t<\/a>\n\n\t\t\t\t<\/div>\n\t\t\t\t\t<\/div>\n\t\t<\/article>\n\t\t\t\t<article class=\"elementor-post elementor-grid-item post-3962 post type-post status-publish format-standard has-post-thumbnail hentry\" role=\"listitem\">\n\t\t\t<div class=\"elementor-post__card\">\n\t\t\t\t<a class=\"elementor-post__thumbnail__link\" href=\"https:\/\/awb.de\/fr\/etude-6-mesure-aleatoire\/\" tabindex=\"-1\" ><div class=\"elementor-post__thumbnail\"><img loading=\"lazy\" decoding=\"async\" width=\"768\" height=\"512\" src=\"https:\/\/awb.de\/wp-content\/uploads\/2025\/10\/hochwinkelaufnahme-eines-wunderschonen-sees-den-bergen-umgeben-von-baumen-einem-sonnigen-tag-768x512.jpg\" class=\"attachment-medium_large size-medium_large wp-image-3954\" alt=\"\" srcset=\"https:\/\/awb.de\/wp-content\/uploads\/2025\/10\/hochwinkelaufnahme-eines-wunderschonen-sees-den-bergen-umgeben-von-baumen-einem-sonnigen-tag-768x512.jpg 768w, https:\/\/awb.de\/wp-content\/uploads\/2025\/10\/hochwinkelaufnahme-eines-wunderschonen-sees-den-bergen-umgeben-von-baumen-einem-sonnigen-tag-600x400.jpg 600w, https:\/\/awb.de\/wp-content\/uploads\/2025\/10\/hochwinkelaufnahme-eines-wunderschonen-sees-den-bergen-umgeben-von-baumen-einem-sonnigen-tag-300x200.jpg 300w, https:\/\/awb.de\/wp-content\/uploads\/2025\/10\/hochwinkelaufnahme-eines-wunderschonen-sees-den-bergen-umgeben-von-baumen-einem-sonnigen-tag.jpg 1024w\" sizes=\"(max-width: 768px) 100vw, 768px\" \/><\/div><\/a>\n\t\t\t\t<div class=\"elementor-post__text\">\n\t\t\t\t<h3 class=\"elementor-post__title\">\n\t\t\t<a href=\"https:\/\/awb.de\/fr\/etude-6-mesure-aleatoire\/\" >\n\t\t\t\t\u00c9tude 6 | Mesure al\u00e9atoire\t\t\t<\/a>\n\t\t<\/h3>\n\t\t\n\t\t<a class=\"elementor-post__read-more\" href=\"https:\/\/awb.de\/fr\/etude-6-mesure-aleatoire\/\" aria-label=\"En savoir plus sur \u00c9tude 6 | Mesure al\u00e9atoire\" tabindex=\"-1\" >\n\t\t\tContinuer la lecture \u00bb\t\t<\/a>\n\n\t\t\t\t<\/div>\n\t\t\t\t\t<\/div>\n\t\t<\/article>\n\t\t\t\t<\/div>\n\t\t\n\t\t\t\t\t\t<\/div>\n\t\t\t\t<\/div>\n\t\t\t\t<\/div>\n\t\t\t\t\t<\/div>\n\t\t\t\t<\/div>\n\t\t<div class=\"elementor-element elementor-element-1056bd5 e-con-full e-flex e-con e-parent\" data-id=\"1056bd5\" data-element_type=\"container\" data-e-type=\"container\">\n\t\t\t\t<div class=\"elementor-element elementor-element-a3bd093 elementor-bg-transform elementor-bg-transform-zoom-out elementor-cta--skin-classic elementor-animated-content elementor-widget elementor-widget-call-to-action\" data-id=\"a3bd093\" data-element_type=\"widget\" data-e-type=\"widget\" data-widget_type=\"call-to-action.default\">\n\t\t\t\t<div class=\"elementor-widget-container\">\n\t\t\t\t\t\t\t<div class=\"elementor-cta\">\n\t\t\t\t\t<div class=\"elementor-cta__bg-wrapper\">\n\t\t\t\t<div class=\"elementor-cta__bg elementor-bg\" style=\"background-image: url(https:\/\/awb.de\/wp-content\/uploads\/2025\/09\/autogenes-training.jpg);\" role=\"img\" aria-label=\"entrainement-autogene\"><\/div>\n\t\t\t\t<div class=\"elementor-cta__bg-overlay\"><\/div>\n\t\t\t<\/div>\n\t\t\t\t\t\t\t<div class=\"elementor-cta__content\">\n\t\t\t\t\n\t\t\t\t\t\t\t\t\t<h2 class=\"elementor-cta__title elementor-cta__content-item elementor-content-item\">\n\t\t\t\t\t\tVous avez lu toutes les \u00e9tudes ? D\u00e9couvrez comment mettre en pratique ces connaissances. \t\t\t\t\t<\/h2>\n\t\t\t\t\n\t\t\t\t\t\t\t\t\t<div class=\"elementor-cta__description elementor-cta__content-item elementor-content-item\">\n\t\t\t\t\t\tD\u00e9couvrez comment mettre en pratique ces connaissances.\t\t\t\t\t<\/div>\n\t\t\t\t\n\t\t\t\t\t\t\t\t\t<div class=\"elementor-cta__button-wrapper elementor-cta__content-item elementor-content-item \">\n\t\t\t\t\t<a class=\"elementor-cta__button elementor-button elementor-size-\" href=\"https:\/\/awb.de\/produkte\/\">\n\t\t\t\t\t\tTrouvez d\u00e8s maintenant l'Alpha Wave Box qui vous convient\t\t\t\t\t<\/a>\n\t\t\t\t\t<\/div>\n\t\t\t\t\t\t\t<\/div>\n\t\t\t\t\t\t<\/div>\n\t\t\t\t\t\t<\/div>\n\t\t\t\t<\/div>\n\t\t\t\t<\/div>\n\t\t\t\t<\/div>\n\t\t","protected":false},"excerpt":{"rendered":"<p>Les effets des ondes alpha \u2013 \u00e9tudi\u00e9s scientifiquement Nous ne<\/p>\n","protected":false},"author":1,"featured_media":0,"parent":0,"menu_order":4,"comment_status":"closed","ping_status":"closed","template":"","meta":{"_acf_changed":false,"footnotes":""},"class_list":["post-3768","page","type-page","status-publish","hentry"],"acf":[],"_links":{"self":[{"href":"https:\/\/awb.de\/fr\/wp-json\/wp\/v2\/pages\/3768","targetHints":{"allow":["GET"]}}],"collection":[{"href":"https:\/\/awb.de\/fr\/wp-json\/wp\/v2\/pages"}],"about":[{"href":"https:\/\/awb.de\/fr\/wp-json\/wp\/v2\/types\/page"}],"author":[{"embeddable":true,"href":"https:\/\/awb.de\/fr\/wp-json\/wp\/v2\/users\/1"}],"replies":[{"embeddable":true,"href":"https:\/\/awb.de\/fr\/wp-json\/wp\/v2\/comments?post=3768"}],"version-history":[{"count":1,"href":"https:\/\/awb.de\/fr\/wp-json\/wp\/v2\/pages\/3768\/revisions"}],"predecessor-version":[{"id":3809,"href":"https:\/\/awb.de\/fr\/wp-json\/wp\/v2\/pages\/3768\/revisions\/3809"}],"wp:attachment":[{"href":"https:\/\/awb.de\/fr\/wp-json\/wp\/v2\/media?parent=3768"}],"curies":[{"name":"wp","href":"https:\/\/api.w.org\/{rel}","templated":true}]}}