{"id":3838,"date":"2025-11-05T14:30:28","date_gmt":"2025-11-05T13:30:28","guid":{"rendered":"https:\/\/awb.de\/mieux-dormir\/"},"modified":"2025-12-24T11:04:15","modified_gmt":"2025-12-24T10:04:15","slug":"mieux-dormir","status":"publish","type":"page","link":"https:\/\/awb.de\/fr\/mieux-dormir\/","title":{"rendered":"Mieux dormir"},"content":{"rendered":"\t\t<div data-elementor-type=\"wp-page\" data-elementor-id=\"3838\" class=\"elementor elementor-3838 elementor-2766\" data-elementor-post-type=\"page\">\n\t\t\t\t<div class=\"elementor-element elementor-element-6d9314b e-flex e-con-boxed e-con e-parent\" data-id=\"6d9314b\" data-element_type=\"container\" data-e-type=\"container\" data-settings=\"{&quot;background_background&quot;:&quot;slideshow&quot;,&quot;background_slideshow_slide_duration&quot;:2500,&quot;background_slideshow_transition_duration&quot;:2500,&quot;background_slideshow_ken_burns&quot;:&quot;yes&quot;,&quot;background_slideshow_gallery&quot;:[],&quot;background_slideshow_loop&quot;:&quot;yes&quot;,&quot;background_slideshow_slide_transition&quot;:&quot;fade&quot;,&quot;background_slideshow_ken_burns_zoom_direction&quot;:&quot;in&quot;}\">\n\t\t\t\t\t<div class=\"e-con-inner\">\n\t\t<div class=\"elementor-element elementor-element-cb5fc53 e-con-full e-flex e-con e-child\" data-id=\"cb5fc53\" data-element_type=\"container\" data-e-type=\"container\" data-settings=\"{&quot;background_background&quot;:&quot;slideshow&quot;,&quot;background_slideshow_gallery&quot;:[{&quot;id&quot;:3682,&quot;url&quot;:&quot;https:\\\/\\\/awb.de\\\/wp-content\\\/uploads\\\/2025\\\/08\\\/olivenbaumrinde-aus-der-nahe.jpg&quot;},{&quot;id&quot;:3683,&quot;url&quot;:&quot;https:\\\/\\\/awb.de\\\/wp-content\\\/uploads\\\/2025\\\/08\\\/sicht-auf-den-baumstamm-auf-dem-feld.jpg&quot;},{&quot;id&quot;:3684,&quot;url&quot;:&quot;https:\\\/\\\/awb.de\\\/wp-content\\\/uploads\\\/2025\\\/09\\\/durchsichtige-quarzkristallhaufen-mit-perfekt-geformten-sechseckigen-prismen.jpg&quot;},{&quot;id&quot;:3685,&quot;url&quot;:&quot;https:\\\/\\\/awb.de\\\/wp-content\\\/uploads\\\/2025\\\/09\\\/bergkristall-e1759092941173.jpg&quot;},{&quot;id&quot;:3686,&quot;url&quot;:&quot;https:\\\/\\\/awb.de\\\/wp-content\\\/uploads\\\/2025\\\/08\\\/reflexion-der-berge-und-alten-gebaude-im-see-mit-einem-holzernen-pier-im-vordergrund-scaled.jpg&quot;}],&quot;background_slideshow_ken_burns&quot;:&quot;yes&quot;,&quot;background_slideshow_loop&quot;:&quot;yes&quot;,&quot;background_slideshow_slide_duration&quot;:5000,&quot;background_slideshow_slide_transition&quot;:&quot;fade&quot;,&quot;background_slideshow_transition_duration&quot;:500,&quot;background_slideshow_ken_burns_zoom_direction&quot;:&quot;in&quot;}\">\n\t\t\t\t<\/div>\n\t\t\t\t\t<\/div>\n\t\t\t\t<\/div>\n\t\t<div class=\"elementor-element elementor-element-eb5fc29 e-flex e-con-boxed e-con e-parent\" data-id=\"eb5fc29\" data-element_type=\"container\" data-e-type=\"container\">\n\t\t\t\t\t<div class=\"e-con-inner\">\n\t\t\t\t<div class=\"elementor-element elementor-element-0fcf90e elementor-widget elementor-widget-heading\" data-id=\"0fcf90e\" data-element_type=\"widget\" data-e-type=\"widget\" data-widget_type=\"heading.default\">\n\t\t\t\t<div class=\"elementor-widget-container\">\n\t\t\t\t\t<h1 class=\"elementor-heading-title elementor-size-default\">Mieux dormir<\/h1>\t\t\t\t<\/div>\n\t\t\t\t<\/div>\n\t\t\t\t<div class=\"elementor-element elementor-element-6a9a93a elementor-widget elementor-widget-heading\" data-id=\"6a9a93a\" data-element_type=\"widget\" data-e-type=\"widget\" data-widget_type=\"heading.default\">\n\t\t\t\t<div class=\"elementor-widget-container\">\n\t\t\t\t\t<h2 class=\"elementor-heading-title elementor-size-default\">Mieux dormir naturellement, sans m\u00e9dicaments ?<br> D'innombrables utilisateurs de l'Alpha Wave Box en Suisse rapportent exactement cela !<\/h2>\t\t\t\t<\/div>\n\t\t\t\t<\/div>\n\t\t\t\t<div class=\"elementor-element elementor-element-4b808b2 elementor-widget elementor-widget-text-editor\" data-id=\"4b808b2\" data-element_type=\"widget\" data-e-type=\"widget\" data-widget_type=\"text-editor.default\">\n\t\t\t\t<div class=\"elementor-widget-container\">\n\t\t\t\t\t\t\t\t\t<p>D\u00e9couvrez la puissance naturelle de la <strong>fr\u00e9quence de r\u00e9sonance terrestre<\/strong>, une vibration inspir\u00e9e de la nature, associ\u00e9e depuis longtemps \u00e0 une <strong>paix int\u00e9rieure profonde<\/strong> et \u00e0 un meilleur sommeil.<br> <br>Contrairement \u00e0 d&rsquo;autres produits, l&rsquo;Alpha Wave Box g\u00e9n\u00e8re non seulement la fr\u00e9quence fondamentale, mais aussi la premi\u00e8re et la deuxi\u00e8me harmonique. Cela renforce l&rsquo;effet et peut aider le cerveau \u00e0 passer plus rapidement <strong>\u00e0 l&rsquo;\u00e9tat d&rsquo;ondes alpha,<\/strong> important pour le sommeil. <\/p>\t\t\t\t\t\t\t\t<\/div>\n\t\t\t\t<\/div>\n\t\t\t\t<div class=\"elementor-element elementor-element-6b0765b elementor-widget elementor-widget-heading\" data-id=\"6b0765b\" data-element_type=\"widget\" data-e-type=\"widget\" data-widget_type=\"heading.default\">\n\t\t\t\t<div class=\"elementor-widget-container\">\n\t\t\t\t\t<h2 class=\"elementor-heading-title elementor-size-default\">Combinaison pour une d\u00e9tente maximale<\/h2>\t\t\t\t<\/div>\n\t\t\t\t<\/div>\n\t\t\t\t<div class=\"elementor-element elementor-element-0f520aa elementor-widget elementor-widget-text-editor\" data-id=\"0f520aa\" data-element_type=\"widget\" data-e-type=\"widget\" data-widget_type=\"text-editor.default\">\n\t\t\t\t<div class=\"elementor-widget-container\">\n\t\t\t\t\t\t\t\t\t<p>D\u00e9velopp\u00e9e en Suisse par le professeur Udo Amend, l&rsquo;Alpha Wave Box est une combinaison r\u00e9volutionnaire sp\u00e9cialement con\u00e7ue pour am\u00e9liorer la qualit\u00e9 du sommeil.<\/p><p>Ce n&rsquo;est que gr\u00e2ce \u00e0 l&rsquo;interaction cibl\u00e9e d&rsquo;un g\u00e9n\u00e9rateur de r\u00e9sonance terrestre sp\u00e9cialement con\u00e7u avec :<\/p>\t\t\t\t\t\t\t\t<\/div>\n\t\t\t\t<\/div>\n\t\t\t\t<div class=\"elementor-element elementor-element-77ae64d elementor-icon-list--layout-traditional elementor-list-item-link-full_width elementor-widget elementor-widget-icon-list\" data-id=\"77ae64d\" data-element_type=\"widget\" data-e-type=\"widget\" data-widget_type=\"icon-list.default\">\n\t\t\t\t<div class=\"elementor-widget-container\">\n\t\t\t\t\t\t\t<ul class=\"elementor-icon-list-items\">\n\t\t\t\t\t\t\t<li class=\"elementor-icon-list-item\">\n\t\t\t\t\t\t\t\t\t\t\t<span class=\"elementor-icon-list-icon\">\n\t\t\t\t\t\t\t<i aria-hidden=\"true\" class=\"icon icon-leaf\"><\/i>\t\t\t\t\t\t<\/span>\n\t\t\t\t\t\t\t\t\t\t<span class=\"elementor-icon-list-text\">Bois d'olivier riche en \u00e9nergie provenant d'un lieu particulier \u00e0 Majorque.<\/span>\n\t\t\t\t\t\t\t\t\t<\/li>\n\t\t\t\t\t\t\t\t<li class=\"elementor-icon-list-item\">\n\t\t\t\t\t\t\t\t\t\t\t<span class=\"elementor-icon-list-icon\">\n\t\t\t\t\t\t\t<svg class=\"ekit-svg-icon icon-diamond11\" viewBox=\"0 0 32 32\" xmlns=\"http:\/\/www.w3.org\/2000\/svg\"><path d=\"M16 29.976c-0.143 0-0.279-0.063-0.37-0.173l-15.515-18.424c-0.145-0.173-0.153-0.423-0.017-0.603l5.818-7.758c0.091-0.122 0.236-0.194 0.388-0.194h19.394c0.152 0 0.297 0.072 0.388 0.194l5.818 7.758c0.136 0.18 0.128 0.431-0.017 0.603l-15.515 18.424c-0.091 0.11-0.228 0.173-0.37 0.173zM1.105 11.049l14.896 17.689 14.895-17.689-5.441-7.255h-18.909l-5.441 7.255zM31.515 11.552h-31.030c-0.268 0-0.485-0.216-0.485-0.485s0.217-0.485 0.485-0.485h31.030c0.268 0 0.485 0.217 0.485 0.485s-0.217 0.485-0.485 0.485zM16 29.976c-0.049 0-0.098-0.007-0.145-0.022-0.256-0.081-0.398-0.353-0.316-0.608l5.818-18.424c0.081-0.255 0.355-0.399 0.608-0.316 0.256 0.081 0.398 0.353 0.316 0.608l-5.818 18.424c-0.065 0.207-0.257 0.338-0.463 0.338zM16 29.976c-0.206 0-0.398-0.132-0.463-0.339l-5.818-18.424c-0.081-0.255 0.061-0.527 0.316-0.608 0.256-0.082 0.527 0.061 0.608 0.316l5.818 18.424c0.081 0.255-0.061 0.527-0.316 0.608-0.047 0.017-0.097 0.023-0.145 0.023zM10.182 11.552c-0.178 0-0.349-0.098-0.434-0.268l-3.879-7.758c-0.119-0.24-0.022-0.53 0.217-0.651s0.53-0.022 0.651 0.217l3.879 7.758c0.12 0.239 0.022 0.53-0.217 0.651-0.069 0.034-0.143 0.050-0.216 0.050zM10.182 11.552c-0.101 0-0.203-0.032-0.29-0.097-0.214-0.161-0.258-0.464-0.097-0.679l5.818-7.758c0.161-0.214 0.465-0.257 0.679-0.097s0.258 0.465 0.097 0.679l-5.818 7.758c-0.096 0.127-0.241 0.194-0.389 0.194zM21.818 11.552c-0.147 0-0.293-0.067-0.388-0.194l-5.818-7.758c-0.161-0.214-0.117-0.518 0.097-0.679s0.518-0.118 0.679 0.097l5.818 7.758c0.161 0.214 0.117 0.518-0.097 0.679-0.087 0.066-0.189 0.097-0.291 0.097zM21.818 11.552c-0.073 0-0.146-0.017-0.216-0.051-0.239-0.12-0.337-0.411-0.217-0.651l3.879-7.758c0.12-0.24 0.41-0.337 0.651-0.217s0.337 0.411 0.217 0.651l-3.879 7.758c-0.086 0.171-0.257 0.269-0.434 0.269z\"><\/path><\/svg>\t\t\t\t\t\t<\/span>\n\t\t\t\t\t\t\t\t\t\t<span class=\"elementor-icon-list-text\">Jusqu'\u00e0 neuf cristaux de roche suisses taill\u00e9s et polis dans la bo\u00eete, qui purifient l'\u00e9nergie et renforcent les vibrations du g\u00e9n\u00e9rateur.<\/span>\n\t\t\t\t\t\t\t\t\t<\/li>\n\t\t\t\t\t\t<\/ul>\n\t\t\t\t\t\t<\/div>\n\t\t\t\t<\/div>\n\t\t\t\t<div class=\"elementor-element elementor-element-a236243 elementor-widget elementor-widget-text-editor\" data-id=\"a236243\" data-element_type=\"widget\" data-e-type=\"widget\" data-widget_type=\"text-editor.default\">\n\t\t\t\t<div class=\"elementor-widget-container\">\n\t\t\t\t\t\t\t\t\t<p>Il a \u00e9t\u00e9 possible de cr\u00e9er un appareil d&rsquo;une intensit\u00e9 d&rsquo;effet sans pr\u00e9c\u00e9dent qui vous aide \u00e0 dormir de mani\u00e8re optimale. Les utilisateurs rapportent qu&rsquo;ils : <\/p>\t\t\t\t\t\t\t\t<\/div>\n\t\t\t\t<\/div>\n\t\t\t\t<div class=\"elementor-element elementor-element-fa2bae1 elementor-icon-list--layout-traditional elementor-list-item-link-full_width elementor-widget elementor-widget-icon-list\" data-id=\"fa2bae1\" data-element_type=\"widget\" data-e-type=\"widget\" data-widget_type=\"icon-list.default\">\n\t\t\t\t<div class=\"elementor-widget-container\">\n\t\t\t\t\t\t\t<ul class=\"elementor-icon-list-items\">\n\t\t\t\t\t\t\t<li class=\"elementor-icon-list-item\">\n\t\t\t\t\t\t\t\t\t\t\t<span class=\"elementor-icon-list-icon\">\n\t\t\t\t\t\t\t<svg class=\"ekit-svg-icon icon-moon\" viewBox=\"0 0 32 32\" xmlns=\"http:\/\/www.w3.org\/2000\/svg\"><path d=\"M16.4 32c-4.381 0-8.499-1.706-11.597-4.803s-4.803-7.216-4.803-11.597c0-3.601 1.156-7 3.344-9.83 1.048-1.355 2.302-2.536 3.729-3.51 1.439-0.982 3.021-1.732 4.701-2.228 0.307-0.091 0.638 0.011 0.842 0.257s0.242 0.591 0.096 0.875c-1.031 2.011-1.512 3.928-1.512 6.035 0 7.499 6.101 13.6 13.6 13.6 2.107 0 4.024-0.48 6.035-1.512 0.285-0.146 0.629-0.108 0.875 0.096s0.347 0.535 0.257 0.842c-0.496 1.68-1.245 3.262-2.228 4.701-0.974 1.427-2.155 2.681-3.51 3.729-2.829 2.187-6.228 3.344-9.83 3.344zM10.512 2.184c-5.398 2.312-8.912 7.502-8.912 13.416 0 8.161 6.639 14.8 14.8 14.8 5.914 0 11.104-3.515 13.416-8.912-1.638 0.612-3.293 0.912-5.016 0.912-4.060 0-7.877-1.581-10.748-4.452s-4.452-6.688-4.452-10.748c0-1.723 0.3-3.378 0.912-5.016z\"><\/path><\/svg>\t\t\t\t\t\t<\/span>\n\t\t\t\t\t\t\t\t\t\t<span class=\"elementor-icon-list-text\">Mieux s'endormir et mieux dormir.<\/span>\n\t\t\t\t\t\t\t\t\t<\/li>\n\t\t\t\t\t\t\t\t<li class=\"elementor-icon-list-item\">\n\t\t\t\t\t\t\t\t\t\t\t<span class=\"elementor-icon-list-icon\">\n\t\t\t\t\t\t\t<svg class=\"ekit-svg-icon icon-clock-1\" viewBox=\"0 0 32 32\" xmlns=\"http:\/\/www.w3.org\/2000\/svg\"><path d=\"M23.244 9.394l6.444 1.694 1.625-6.444-1.238-0.325-1.063 4.056c-2.694-4.369-7.519-7.275-13.025-7.275-8.45 0-15.3 6.856-15.3 15.313s6.85 15.313 15.3 15.313c5.638 0 10.562-3.050 13.219-7.594l-1.206-0.581c-2.438 4.094-6.9 6.838-12.006 6.838-7.713 0-13.969-6.256-13.969-13.975s6.25-13.981 13.963-13.981c5.137 0 9.631 2.775 12.056 6.912l-4.475-1.188-0.325 1.238zM13.938 6.006v11.594l7.488 3.644 0.581-1.169-6.762-3.256v-10.813z\"><\/path><\/svg>\t\t\t\t\t\t<\/span>\n\t\t\t\t\t\t\t\t\t\t<span class=\"elementor-icon-list-text\">B\u00e9n\u00e9ficiez d'une r\u00e9cup\u00e9ration plus rapide.<\/span>\n\t\t\t\t\t\t\t\t\t<\/li>\n\t\t\t\t\t\t\t\t<li class=\"elementor-icon-list-item\">\n\t\t\t\t\t\t\t\t\t\t\t<span class=\"elementor-icon-list-icon\">\n\t\t\t\t\t\t\t<svg class=\"ekit-svg-icon icon-sun\" viewBox=\"0 0 32 32\" xmlns=\"http:\/\/www.w3.org\/2000\/svg\"><path d=\"M15.2 23.988c-3.964 0-7.188-3.225-7.188-7.188s3.225-7.188 7.188-7.188 7.188 3.225 7.188 7.188-3.225 7.188-7.188 7.188zM15.2 11.212c-3.081 0-5.588 2.507-5.588 5.588s2.507 5.588 5.588 5.588 5.588-2.507 5.588-5.588-2.507-5.588-5.588-5.588zM15.2 8c-0.442 0-0.8-0.358-0.8-0.8v-4.8c0-0.442 0.358-0.8 0.8-0.8s0.8 0.358 0.8 0.8v4.8c0 0.442-0.358 0.8-0.8 0.8zM15.2 32c-0.442 0-0.8-0.358-0.8-0.8v-4.8c0-0.442 0.358-0.8 0.8-0.8s0.8 0.358 0.8 0.8v4.8c0 0.442-0.358 0.8-0.8 0.8zM5.6 17.6h-4.8c-0.442 0-0.8-0.358-0.8-0.8s0.358-0.8 0.8-0.8h4.8c0.442 0 0.8 0.358 0.8 0.8s-0.358 0.8-0.8 0.8zM29.6 17.6h-4.8c-0.442 0-0.8-0.358-0.8-0.8s0.358-0.8 0.8-0.8h4.8c0.442 0 0.8 0.358 0.8 0.8s-0.358 0.8-0.8 0.8zM7.2 9.6c-0.205 0-0.409-0.078-0.566-0.234l-3.2-3.2c-0.312-0.312-0.312-0.819 0-1.131s0.819-0.312 1.131 0l3.2 3.2c0.312 0.312 0.312 0.819 0 1.131-0.156 0.156-0.361 0.234-0.566 0.234zM4 28.8c-0.205 0-0.409-0.078-0.566-0.234-0.312-0.312-0.312-0.819 0-1.131l3.2-3.2c0.312-0.312 0.819-0.312 1.131 0s0.312 0.819 0 1.131l-3.2 3.2c-0.156 0.156-0.361 0.234-0.566 0.234zM26.4 28.8c-0.205 0-0.409-0.078-0.566-0.234l-3.2-3.2c-0.312-0.312-0.312-0.819 0-1.131s0.819-0.312 1.131 0l3.2 3.2c0.312 0.312 0.312 0.819 0 1.131-0.156 0.156-0.361 0.234-0.566 0.234zM23.2 9.6c-0.205 0-0.409-0.078-0.566-0.234-0.312-0.312-0.312-0.819 0-1.131l3.2-3.2c0.312-0.312 0.819-0.312 1.131 0s0.312 0.819 0 1.131l-3.2 3.2c-0.156 0.156-0.361 0.234-0.566 0.234z\"><\/path><\/svg>\t\t\t\t\t\t<\/span>\n\t\t\t\t\t\t\t\t\t\t<span class=\"elementor-icon-list-text\">\u00catre nettement plus performant le matin.<\/span>\n\t\t\t\t\t\t\t\t\t<\/li>\n\t\t\t\t\t\t<\/ul>\n\t\t\t\t\t\t<\/div>\n\t\t\t\t<\/div>\n\t\t\t\t<div class=\"elementor-element elementor-element-15352cd elementor-widget elementor-widget-heading\" data-id=\"15352cd\" data-element_type=\"widget\" data-e-type=\"widget\" data-widget_type=\"heading.default\">\n\t\t\t\t<div class=\"elementor-widget-container\">\n\t\t\t\t\t<h2 class=\"elementor-heading-title elementor-size-default\">Harmonie entre forme et fonction<\/h2>\t\t\t\t<\/div>\n\t\t\t\t<\/div>\n\t\t\t\t<div class=\"elementor-element elementor-element-9050b2d elementor-widget elementor-widget-text-editor\" data-id=\"9050b2d\" data-element_type=\"widget\" data-e-type=\"widget\" data-widget_type=\"text-editor.default\">\n\t\t\t\t<div class=\"elementor-widget-container\">\n\t\t\t\t\t\t\t\t\t<p>Chaque Alpha Wave Box est <strong>fabriqu\u00e9e \u00e0 la main<\/strong> avec beaucoup de soin et de d\u00e9vouement. Le bo\u00eetier est en bois d&rsquo;olivier provenant d&rsquo;un lieu \u00e9nerg\u00e9tique particulier \u00e0 Majorque. Les cristaux de roche \u00e0 double pointe proviennent d&rsquo;une montagne suisse l\u00e9gendaire et sont connus pour leurs propri\u00e9t\u00e9s purifiantes et amplificatrices. Pour conserver toute leur puissance, les cristaux n\u00e9cessitent un entretien mensuel : ils sont retir\u00e9s de l&rsquo;appareil selon le calendrier lunaire, nettoy\u00e9s avec un liquide sp\u00e9cial et plac\u00e9s au clair de lune pendant la nuit de pleine lune afin de se recharger en \u00e9nergie.   <\/p><p>Cet appareil portable et rechargeable vous permet de profiter des bienfaits de la fr\u00e9quence de r\u00e9sonance terrestre \u00e0 tout moment et en tout lieu afin de r\u00e9volutionner votre routine de sommeil.<\/p>\t\t\t\t\t\t\t\t<\/div>\n\t\t\t\t<\/div>\n\t\t\t\t\t<\/div>\n\t\t\t\t<\/div>\n\t\t\t\t<\/div>\n\t\t","protected":false},"excerpt":{"rendered":"<p>Mieux dormir Mieux dormir naturellement, sans m\u00e9dicaments ? D&rsquo;innombrables utilisateurs de l&rsquo;Alpha Wave Box en Suisse rapportent exactement cela ! D\u00e9couvrez la puissance naturelle de la fr\u00e9quence de r\u00e9sonance terrestre, une vibration inspir\u00e9e de la nature, associ\u00e9e depuis longtemps \u00e0 une paix int\u00e9rieure profonde et \u00e0 un meilleur sommeil. Contrairement \u00e0 d&rsquo;autres produits, l&rsquo;Alpha Wave [&hellip;]<\/p>\n","protected":false},"author":1,"featured_media":0,"parent":0,"menu_order":2,"comment_status":"closed","ping_status":"closed","template":"","meta":{"_acf_changed":false,"footnotes":""},"class_list":["post-3838","page","type-page","status-publish","hentry"],"acf":[],"_links":{"self":[{"href":"https:\/\/awb.de\/fr\/wp-json\/wp\/v2\/pages\/3838","targetHints":{"allow":["GET"]}}],"collection":[{"href":"https:\/\/awb.de\/fr\/wp-json\/wp\/v2\/pages"}],"about":[{"href":"https:\/\/awb.de\/fr\/wp-json\/wp\/v2\/types\/page"}],"author":[{"embeddable":true,"href":"https:\/\/awb.de\/fr\/wp-json\/wp\/v2\/users\/1"}],"replies":[{"embeddable":true,"href":"https:\/\/awb.de\/fr\/wp-json\/wp\/v2\/comments?post=3838"}],"version-history":[{"count":1,"href":"https:\/\/awb.de\/fr\/wp-json\/wp\/v2\/pages\/3838\/revisions"}],"predecessor-version":[{"id":3839,"href":"https:\/\/awb.de\/fr\/wp-json\/wp\/v2\/pages\/3838\/revisions\/3839"}],"wp:attachment":[{"href":"https:\/\/awb.de\/fr\/wp-json\/wp\/v2\/media?parent=3838"}],"curies":[{"name":"wp","href":"https:\/\/api.w.org\/{rel}","templated":true}]}}