{"id":3977,"date":"2025-08-11T11:56:48","date_gmt":"2025-08-11T09:56:48","guid":{"rendered":"https:\/\/awb.de\/livrebuch\/"},"modified":"2025-12-10T12:45:20","modified_gmt":"2025-12-10T11:45:20","slug":"livrebuch","status":"publish","type":"page","link":"https:\/\/awb.de\/fr\/livrebuch\/","title":{"rendered":"Livre"},"content":{"rendered":"\t\t<div data-elementor-type=\"wp-page\" data-elementor-id=\"3977\" class=\"elementor elementor-3977 elementor-523\" data-elementor-post-type=\"page\">\n\t\t\t\t<div class=\"elementor-element elementor-element-e6fd2b6 e-flex e-con-boxed e-con e-parent\" data-id=\"e6fd2b6\" data-element_type=\"container\" data-e-type=\"container\" data-settings=\"{&quot;background_background&quot;:&quot;slideshow&quot;,&quot;background_slideshow_slide_duration&quot;:2500,&quot;background_slideshow_transition_duration&quot;:2500,&quot;background_slideshow_ken_burns&quot;:&quot;yes&quot;,&quot;background_slideshow_gallery&quot;:[],&quot;background_slideshow_loop&quot;:&quot;yes&quot;,&quot;background_slideshow_slide_transition&quot;:&quot;fade&quot;,&quot;background_slideshow_ken_burns_zoom_direction&quot;:&quot;in&quot;}\">\n\t\t\t\t\t<div class=\"e-con-inner\">\n\t\t<div class=\"elementor-element elementor-element-f2dcf57 e-con-full e-flex e-con e-child\" data-id=\"f2dcf57\" data-element_type=\"container\" data-e-type=\"container\" data-settings=\"{&quot;background_background&quot;:&quot;slideshow&quot;,&quot;background_slideshow_gallery&quot;:[{&quot;id&quot;:3778,&quot;url&quot;:&quot;https:\\\/\\\/awb.de\\\/wp-content\\\/uploads\\\/2025\\\/09\\\/resonanz-illustration.jpg&quot;},{&quot;id&quot;:3708,&quot;url&quot;:&quot;https:\\\/\\\/awb.de\\\/wp-content\\\/uploads\\\/2025\\\/09\\\/bergkristallquarz-cluster-schwarzer-hintergrund-e1759102851266.jpg&quot;},{&quot;id&quot;:3973,&quot;url&quot;:&quot;https:\\\/\\\/awb.de\\\/wp-content\\\/uploads\\\/2025\\\/09\\\/die-majestatischen-phasen-des-mondes-wechseln-vom-schatten-zu-einem-goldenen-glanz-vor-dem-hintergrund-eines-sternenbestrahlten-nachthimmels.jpg&quot;},{&quot;id&quot;:3835,&quot;url&quot;:&quot;https:\\\/\\\/awb.de\\\/wp-content\\\/uploads\\\/2025\\\/09\\\/schones-bild-des-mondes-gegen-den-himmel.jpg&quot;}],&quot;background_slideshow_ken_burns&quot;:&quot;yes&quot;,&quot;background_slideshow_loop&quot;:&quot;yes&quot;,&quot;background_slideshow_slide_duration&quot;:5000,&quot;background_slideshow_slide_transition&quot;:&quot;fade&quot;,&quot;background_slideshow_transition_duration&quot;:500,&quot;background_slideshow_ken_burns_zoom_direction&quot;:&quot;in&quot;}\">\n\t\t\t\t<\/div>\n\t\t\t\t\t<\/div>\n\t\t\t\t<\/div>\n\t\t<div class=\"elementor-element elementor-element-3cc4b1b e-flex e-con-boxed e-con e-parent\" data-id=\"3cc4b1b\" data-element_type=\"container\" data-e-type=\"container\">\n\t\t\t\t\t<div class=\"e-con-inner\">\n\t\t<div class=\"elementor-element elementor-element-0861cc3 e-con-full e-flex e-con e-child\" data-id=\"0861cc3\" data-element_type=\"container\" data-e-type=\"container\">\n\t\t<div class=\"elementor-element elementor-element-a2b9845 e-con-full e-flex e-con e-child\" data-id=\"a2b9845\" data-element_type=\"container\" data-e-type=\"container\">\n\t\t\t\t<div class=\"elementor-element elementor-element-c9ee779 elementor-widget elementor-widget-image\" data-id=\"c9ee779\" data-element_type=\"widget\" data-e-type=\"widget\" data-widget_type=\"image.default\">\n\t\t\t\t<div class=\"elementor-widget-container\">\n\t\t\t\t\t\t\t\t\t\t\t\t\t\t\t<img fetchpriority=\"high\" decoding=\"async\" width=\"422\" height=\"599\" src=\"https:\/\/awb.de\/wp-content\/uploads\/2025\/08\/buch-resonanz-die-fuenfte-kraft-prof-dr-ing-udo-amend.jpg\" class=\"attachment-large size-large wp-image-3976\" alt=\"\" srcset=\"https:\/\/awb.de\/wp-content\/uploads\/2025\/08\/buch-resonanz-die-fuenfte-kraft-prof-dr-ing-udo-amend.jpg 422w, https:\/\/awb.de\/wp-content\/uploads\/2025\/08\/buch-resonanz-die-fuenfte-kraft-prof-dr-ing-udo-amend-211x300.jpg 211w\" sizes=\"(max-width: 422px) 100vw, 422px\" \/>\t\t\t\t\t\t\t\t\t\t\t\t\t\t\t<\/div>\n\t\t\t\t<\/div>\n\t\t\t\t<\/div>\n\t\t<div class=\"elementor-element elementor-element-daac98b e-con-full e-flex e-con e-child\" data-id=\"daac98b\" data-element_type=\"container\" data-e-type=\"container\">\n\t\t\t\t<div class=\"elementor-element elementor-element-9b91ec1 elementor-widget elementor-widget-heading\" data-id=\"9b91ec1\" data-element_type=\"widget\" data-e-type=\"widget\" data-widget_type=\"heading.default\">\n\t\t\t\t<div class=\"elementor-widget-container\">\n\t\t\t\t\t<h2 class=\"elementor-heading-title elementor-size-default\">R\u00e9sonance - La cinqui\u00e8me force<\/h2>\t\t\t\t<\/div>\n\t\t\t\t<\/div>\n\t\t\t\t<div class=\"elementor-element elementor-element-cce48b6 elementor-widget elementor-widget-text-editor\" data-id=\"cce48b6\" data-element_type=\"widget\" data-e-type=\"widget\" data-widget_type=\"text-editor.default\">\n\t\t\t\t<div class=\"elementor-widget-container\">\n\t\t\t\t\t\t\t\t\t<p>Prof. Dr.-Ing. Udo Amend<\/p>\t\t\t\t\t\t\t\t<\/div>\n\t\t\t\t<\/div>\n\t\t\t\t<div class=\"elementor-element elementor-element-d565f73 elementor-widget elementor-widget-text-editor\" data-id=\"d565f73\" data-element_type=\"widget\" data-e-type=\"widget\" data-widget_type=\"text-editor.default\">\n\t\t\t\t<div class=\"elementor-widget-container\">\n\t\t\t\t\t\t\t\t\t<p>Le livre traite du lien entre l&rsquo;\u00e9nergie et la mati\u00e8re, en tenant compte de la loi de la r\u00e9sonance, et ce dans le contexte des processus biologiques chez les \u00eatres vivants. Il met particuli\u00e8rement l&rsquo;accent sur l&rsquo;influence des ondes \u00e9lectromagn\u00e9tiques sur toutes les formes de vie. <\/p>\t\t\t\t\t\t\t\t<\/div>\n\t\t\t\t<\/div>\n\t\t\t\t<div class=\"elementor-element elementor-element-fb98f85 elementor-icon-list--layout-traditional elementor-list-item-link-full_width elementor-widget elementor-widget-icon-list\" data-id=\"fb98f85\" data-element_type=\"widget\" data-e-type=\"widget\" data-widget_type=\"icon-list.default\">\n\t\t\t\t<div class=\"elementor-widget-container\">\n\t\t\t\t\t\t\t<ul class=\"elementor-icon-list-items\">\n\t\t\t\t\t\t\t<li class=\"elementor-icon-list-item\">\n\t\t\t\t\t\t\t\t\t\t\t<a href=\"https:\/\/www.amazon.de\/Resonanz-Dipl-Ing-Udo-F-Amend\/dp\/3000554882\" target=\"_blank\" rel=\"noopener\">\n\n\t\t\t\t\t\t\t\t\t\t\t\t<span class=\"elementor-icon-list-icon\">\n\t\t\t\t\t\t\t<svg aria-hidden=\"true\" class=\"e-font-icon-svg e-fab-amazon\" viewBox=\"0 0 448 512\" xmlns=\"http:\/\/www.w3.org\/2000\/svg\"><path d=\"M257.2 162.7c-48.7 1.8-169.5 15.5-169.5 117.5 0 109.5 138.3 114 183.5 43.2 6.5 10.2 35.4 37.5 45.3 46.8l56.8-56S341 288.9 341 261.4V114.3C341 89 316.5 32 228.7 32 140.7 32 94 87 94 136.3l73.5 6.8c16.3-49.5 54.2-49.5 54.2-49.5 40.7-.1 35.5 29.8 35.5 69.1zm0 86.8c0 80-84.2 68-84.2 17.2 0-47.2 50.5-56.7 84.2-57.8v40.6zm136 163.5c-7.7 10-70 67-174.5 67S34.2 408.5 9.7 379c-6.8-7.7 1-11.3 5.5-8.3C88.5 415.2 203 488.5 387.7 401c7.5-3.7 13.3 2 5.5 12zm39.8 2.2c-6.5 15.8-16 26.8-21.2 31-5.5 4.5-9.5 2.7-6.5-3.8s19.3-46.5 12.7-55c-6.5-8.3-37-4.3-48-3.2-10.8 1-13 2-14-.3-2.3-5.7 21.7-15.5 37.5-17.5 15.7-1.8 41-.8 46 5.7 3.7 5.1 0 27.1-6.5 43.1z\"><\/path><\/svg>\t\t\t\t\t\t<\/span>\n\t\t\t\t\t\t\t\t\t\t<span class=\"elementor-icon-list-text\">Actuellement \u00e9puis\u00e9<\/span>\n\t\t\t\t\t\t\t\t\t\t\t<\/a>\n\t\t\t\t\t\t\t\t\t<\/li>\n\t\t\t\t\t\t<\/ul>\n\t\t\t\t\t\t<\/div>\n\t\t\t\t<\/div>\n\t\t\t\t<\/div>\n\t\t\t\t<\/div>\n\t\t\t\t\t<\/div>\n\t\t\t\t<\/div>\n\t\t<div class=\"elementor-element elementor-element-c5e91f6 e-con-full e-flex e-con e-parent\" data-id=\"c5e91f6\" data-element_type=\"container\" data-e-type=\"container\">\n\t\t\t\t<div class=\"elementor-element elementor-element-b485a73 elementor-cta--skin-classic elementor-animated-content elementor-bg-transform elementor-bg-transform-zoom-in elementor-widget elementor-widget-call-to-action\" data-id=\"b485a73\" data-element_type=\"widget\" data-e-type=\"widget\" data-widget_type=\"call-to-action.default\">\n\t\t\t\t<div class=\"elementor-widget-container\">\n\t\t\t\t\t\t\t<div class=\"elementor-cta\">\n\t\t\t\t\t<div class=\"elementor-cta__bg-wrapper\">\n\t\t\t\t<div class=\"elementor-cta__bg elementor-bg\" style=\"background-image: url(https:\/\/awb.de\/wp-content\/uploads\/2025\/08\/reflexion-der-berge-und-alten-gebaude-im-see-mit-einem-holzernen-pier-im-vordergrund-scaled.jpg);\" role=\"img\" aria-label=\"Le reflet des montagnes et des vieux b\u00e2timents dans le lac, avec une jet\u00e9e en bois au premier plan.\"><\/div>\n\t\t\t\t<div class=\"elementor-cta__bg-overlay\"><\/div>\n\t\t\t<\/div>\n\t\t\t\t\t\t\t<div class=\"elementor-cta__content\">\n\t\t\t\t\n\t\t\t\t\t\t\t\t\t<h2 class=\"elementor-cta__title elementor-cta__content-item elementor-content-item\">\n\t\t\t\t\t\tR\u00e9sonance - La cinqui\u00e8me force\t\t\t\t\t<\/h2>\n\t\t\t\t\n\t\t\t\t\t\t\t\t\t<div class=\"elementor-cta__description elementor-cta__content-item elementor-content-item\">\n\t\t\t\t\t\tProf. Dr.-Ing. Udo Amend\t\t\t\t\t<\/div>\n\t\t\t\t\n\t\t\t\t\t\t\t\t\t<div class=\"elementor-cta__button-wrapper elementor-cta__content-item elementor-content-item \">\n\t\t\t\t\t<a class=\"elementor-cta__button elementor-button elementor-size-\" href=\"https:\/\/www.amazon.de\/Resonanz-Dipl-Ing-Udo-F-Amend\/dp\/3000554882\" target=\"_blank\" rel=\"noopener\">\n\t\t\t\t\t\tCommander ici\t\t\t\t\t<\/a>\n\t\t\t\t\t<\/div>\n\t\t\t\t\t\t\t<\/div>\n\t\t\t\t\t\t<\/div>\n\t\t\t\t\t\t<\/div>\n\t\t\t\t<\/div>\n\t\t\t\t<\/div>\n\t\t\t\t<\/div>\n\t\t","protected":false},"excerpt":{"rendered":"<p>R\u00e9sonance &#8211; La cinqui\u00e8me force Prof. Dr.-Ing. Udo Amend Le livre traite du lien entre l&rsquo;\u00e9nergie et la mati\u00e8re, en tenant compte de la loi de la r\u00e9sonance, et ce dans le contexte des processus biologiques chez les \u00eatres vivants. Il met particuli\u00e8rement l&rsquo;accent sur l&rsquo;influence des ondes \u00e9lectromagn\u00e9tiques sur toutes les formes de vie. [&hellip;]<\/p>\n","protected":false},"author":1,"featured_media":0,"parent":0,"menu_order":5,"comment_status":"closed","ping_status":"closed","template":"","meta":{"_acf_changed":false,"footnotes":""},"class_list":["post-3977","page","type-page","status-publish","hentry"],"acf":[],"_links":{"self":[{"href":"https:\/\/awb.de\/fr\/wp-json\/wp\/v2\/pages\/3977","targetHints":{"allow":["GET"]}}],"collection":[{"href":"https:\/\/awb.de\/fr\/wp-json\/wp\/v2\/pages"}],"about":[{"href":"https:\/\/awb.de\/fr\/wp-json\/wp\/v2\/types\/page"}],"author":[{"embeddable":true,"href":"https:\/\/awb.de\/fr\/wp-json\/wp\/v2\/users\/1"}],"replies":[{"embeddable":true,"href":"https:\/\/awb.de\/fr\/wp-json\/wp\/v2\/comments?post=3977"}],"version-history":[{"count":1,"href":"https:\/\/awb.de\/fr\/wp-json\/wp\/v2\/pages\/3977\/revisions"}],"predecessor-version":[{"id":3978,"href":"https:\/\/awb.de\/fr\/wp-json\/wp\/v2\/pages\/3977\/revisions\/3978"}],"wp:attachment":[{"href":"https:\/\/awb.de\/fr\/wp-json\/wp\/v2\/media?parent=3977"}],"curies":[{"name":"wp","href":"https:\/\/api.w.org\/{rel}","templated":true}]}}