{"id":3989,"date":"2025-09-15T08:17:25","date_gmt":"2025-09-15T06:17:25","guid":{"rendered":"https:\/\/awb.de\/mentions-legales-2\/"},"modified":"2025-12-10T12:55:56","modified_gmt":"2025-12-10T11:55:56","slug":"mentions-legales-2","status":"publish","type":"page","link":"https:\/\/awb.de\/fr\/mentions-legales-2\/","title":{"rendered":"Mentions l\u00e9gales relatives \u00e0 l&rsquo;Alpha Wave-Box"},"content":{"rendered":"\t\t<div data-elementor-type=\"wp-page\" data-elementor-id=\"3989\" class=\"elementor elementor-3989 elementor-1211\" data-elementor-post-type=\"page\">\n\t\t\t\t<div class=\"elementor-element elementor-element-915ad3a e-flex e-con-boxed e-con e-parent\" data-id=\"915ad3a\" data-element_type=\"container\" data-e-type=\"container\" data-settings=\"{&quot;background_background&quot;:&quot;slideshow&quot;,&quot;background_slideshow_slide_duration&quot;:2500,&quot;background_slideshow_transition_duration&quot;:2500,&quot;background_slideshow_ken_burns&quot;:&quot;yes&quot;,&quot;background_slideshow_gallery&quot;:[],&quot;background_slideshow_loop&quot;:&quot;yes&quot;,&quot;background_slideshow_slide_transition&quot;:&quot;fade&quot;,&quot;background_slideshow_ken_burns_zoom_direction&quot;:&quot;in&quot;}\">\n\t\t\t\t\t<div class=\"e-con-inner\">\n\t\t<div class=\"elementor-element elementor-element-916c8ce e-con-full e-flex e-con e-child\" data-id=\"916c8ce\" data-element_type=\"container\" data-e-type=\"container\" data-settings=\"{&quot;background_background&quot;:&quot;slideshow&quot;,&quot;background_slideshow_gallery&quot;:[{&quot;id&quot;:3686,&quot;url&quot;:&quot;https:\\\/\\\/awb.de\\\/wp-content\\\/uploads\\\/2025\\\/08\\\/reflexion-der-berge-und-alten-gebaude-im-see-mit-einem-holzernen-pier-im-vordergrund-scaled.jpg&quot;},{&quot;id&quot;:3778,&quot;url&quot;:&quot;https:\\\/\\\/awb.de\\\/wp-content\\\/uploads\\\/2025\\\/09\\\/resonanz-illustration.jpg&quot;},{&quot;id&quot;:3708,&quot;url&quot;:&quot;https:\\\/\\\/awb.de\\\/wp-content\\\/uploads\\\/2025\\\/09\\\/bergkristallquarz-cluster-schwarzer-hintergrund-e1759102851266.jpg&quot;},{&quot;id&quot;:3682,&quot;url&quot;:&quot;https:\\\/\\\/awb.de\\\/wp-content\\\/uploads\\\/2025\\\/08\\\/olivenbaumrinde-aus-der-nahe.jpg&quot;}],&quot;background_slideshow_ken_burns&quot;:&quot;yes&quot;,&quot;background_slideshow_loop&quot;:&quot;yes&quot;,&quot;background_slideshow_slide_duration&quot;:5000,&quot;background_slideshow_slide_transition&quot;:&quot;fade&quot;,&quot;background_slideshow_transition_duration&quot;:500,&quot;background_slideshow_ken_burns_zoom_direction&quot;:&quot;in&quot;}\">\n\t\t\t\t<\/div>\n\t\t\t\t\t<\/div>\n\t\t\t\t<\/div>\n\t\t<div class=\"elementor-element elementor-element-dabc31f e-flex e-con-boxed e-con e-parent\" data-id=\"dabc31f\" data-element_type=\"container\" data-e-type=\"container\">\n\t\t\t\t\t<div class=\"e-con-inner\">\n\t\t<div class=\"elementor-element elementor-element-23b286d e-con-full e-flex e-con e-child\" data-id=\"23b286d\" data-element_type=\"container\" data-e-type=\"container\">\n\t\t\t\t<div class=\"elementor-element elementor-element-9a3e6bb elementor-widget elementor-widget-heading\" data-id=\"9a3e6bb\" data-element_type=\"widget\" data-e-type=\"widget\" data-widget_type=\"heading.default\">\n\t\t\t\t<div class=\"elementor-widget-container\">\n\t\t\t\t\t<h2 class=\"elementor-heading-title elementor-size-default\">Mentions l\u00e9gales relatives \u00e0 l'Alpha Wave-Box<\/h2>\t\t\t\t<\/div>\n\t\t\t\t<\/div>\n\t\t\t\t<div class=\"elementor-element elementor-element-36659c5 elementor-widget elementor-widget-text-editor\" data-id=\"36659c5\" data-element_type=\"widget\" data-e-type=\"widget\" data-widget_type=\"text-editor.default\">\n\t\t\t\t<div class=\"elementor-widget-container\">\n\t\t\t\t\t\t\t\t\t<p>La bo\u00eete Alpha Wave agit exclusivement au niveau \u00e9nerg\u00e9tique et n&rsquo;est pas class\u00e9e comme dispositif m\u00e9dical. Son utilisation ne sert pas \u00e0 traiter des maladies et ne remplace en aucun cas un diagnostic ou un traitement m\u00e9dical. <\/p><p>Il est important de comprendre que la technologie sous-jacente n&rsquo;est pas reconnue par l&rsquo;ensemble de la communaut\u00e9 scientifique et m\u00e9dicale conventionnelle. Dans le m\u00eame temps, selon des \u00e9tudes scientifiques r\u00e9centes, l&rsquo;\u00e9mission de champs \u00e9lectromagn\u00e9tiques, tels que ceux \u00e9mis par cet appareil, est consid\u00e9r\u00e9e comme sans danger pour la sant\u00e9. <\/p><p><strong>Le fabricant de l&rsquo;Alpha Wave Box ne promet ni gu\u00e9rison ni soulagement des sympt\u00f4mes.<\/strong><\/p>\t\t\t\t\t\t\t\t<\/div>\n\t\t\t\t<\/div>\n\t\t\t\t<\/div>\n\t\t\t\t\t<\/div>\n\t\t\t\t<\/div>\n\t\t\t\t<\/div>\n\t\t","protected":false},"excerpt":{"rendered":"<p>Mentions l\u00e9gales relatives \u00e0 l&rsquo;Alpha Wave-Box La bo\u00eete Alpha Wave agit exclusivement au niveau \u00e9nerg\u00e9tique et n&rsquo;est pas class\u00e9e comme dispositif m\u00e9dical. Son utilisation ne sert pas \u00e0 traiter des maladies et ne remplace en aucun cas un diagnostic ou un traitement m\u00e9dical. Il est important de comprendre que la technologie sous-jacente n&rsquo;est pas reconnue [&hellip;]<\/p>\n","protected":false},"author":1,"featured_media":0,"parent":0,"menu_order":25,"comment_status":"closed","ping_status":"closed","template":"","meta":{"_acf_changed":false,"footnotes":""},"class_list":["post-3989","page","type-page","status-publish","hentry"],"acf":[],"_links":{"self":[{"href":"https:\/\/awb.de\/fr\/wp-json\/wp\/v2\/pages\/3989","targetHints":{"allow":["GET"]}}],"collection":[{"href":"https:\/\/awb.de\/fr\/wp-json\/wp\/v2\/pages"}],"about":[{"href":"https:\/\/awb.de\/fr\/wp-json\/wp\/v2\/types\/page"}],"author":[{"embeddable":true,"href":"https:\/\/awb.de\/fr\/wp-json\/wp\/v2\/users\/1"}],"replies":[{"embeddable":true,"href":"https:\/\/awb.de\/fr\/wp-json\/wp\/v2\/comments?post=3989"}],"version-history":[{"count":1,"href":"https:\/\/awb.de\/fr\/wp-json\/wp\/v2\/pages\/3989\/revisions"}],"predecessor-version":[{"id":3990,"href":"https:\/\/awb.de\/fr\/wp-json\/wp\/v2\/pages\/3989\/revisions\/3990"}],"wp:attachment":[{"href":"https:\/\/awb.de\/fr\/wp-json\/wp\/v2\/media?parent=3989"}],"curies":[{"name":"wp","href":"https:\/\/api.w.org\/{rel}","templated":true}]}}