{"id":4004,"date":"2025-11-28T11:49:58","date_gmt":"2025-11-28T10:49:58","guid":{"rendered":"https:\/\/awb.de\/conditions-generales-de-vente\/"},"modified":"2025-12-10T16:12:46","modified_gmt":"2025-12-10T15:12:46","slug":"conditions-generales-de-vente","status":"publish","type":"page","link":"https:\/\/awb.de\/fr\/conditions-generales-de-vente\/","title":{"rendered":"Conditions g\u00e9n\u00e9rales de vente"},"content":{"rendered":"\t\t<div data-elementor-type=\"wp-page\" data-elementor-id=\"4004\" class=\"elementor elementor-4004 elementor-2912\" data-elementor-post-type=\"page\">\n\t\t\t\t<div class=\"elementor-element elementor-element-7ba1cbb e-flex e-con-boxed e-con e-parent\" data-id=\"7ba1cbb\" data-element_type=\"container\" data-e-type=\"container\" data-settings=\"{&quot;background_background&quot;:&quot;slideshow&quot;,&quot;background_slideshow_slide_duration&quot;:2500,&quot;background_slideshow_transition_duration&quot;:2500,&quot;background_slideshow_ken_burns&quot;:&quot;yes&quot;,&quot;background_slideshow_gallery&quot;:[],&quot;background_slideshow_loop&quot;:&quot;yes&quot;,&quot;background_slideshow_slide_transition&quot;:&quot;fade&quot;,&quot;background_slideshow_ken_burns_zoom_direction&quot;:&quot;in&quot;}\">\n\t\t\t\t\t<div class=\"e-con-inner\">\n\t\t<div class=\"elementor-element elementor-element-f297d53 e-con-full e-flex e-con e-child\" data-id=\"f297d53\" data-element_type=\"container\" data-e-type=\"container\" data-settings=\"{&quot;background_background&quot;:&quot;slideshow&quot;,&quot;background_slideshow_gallery&quot;:[{&quot;id&quot;:3684,&quot;url&quot;:&quot;https:\\\/\\\/awb.de\\\/wp-content\\\/uploads\\\/2025\\\/09\\\/durchsichtige-quarzkristallhaufen-mit-perfekt-geformten-sechseckigen-prismen.jpg&quot;},{&quot;id&quot;:3685,&quot;url&quot;:&quot;https:\\\/\\\/awb.de\\\/wp-content\\\/uploads\\\/2025\\\/09\\\/bergkristall-e1759092941173.jpg&quot;},{&quot;id&quot;:3686,&quot;url&quot;:&quot;https:\\\/\\\/awb.de\\\/wp-content\\\/uploads\\\/2025\\\/08\\\/reflexion-der-berge-und-alten-gebaude-im-see-mit-einem-holzernen-pier-im-vordergrund-scaled.jpg&quot;},{&quot;id&quot;:3835,&quot;url&quot;:&quot;https:\\\/\\\/awb.de\\\/wp-content\\\/uploads\\\/2025\\\/09\\\/schones-bild-des-mondes-gegen-den-himmel.jpg&quot;}],&quot;background_slideshow_ken_burns&quot;:&quot;yes&quot;,&quot;background_slideshow_loop&quot;:&quot;yes&quot;,&quot;background_slideshow_slide_duration&quot;:5000,&quot;background_slideshow_slide_transition&quot;:&quot;fade&quot;,&quot;background_slideshow_transition_duration&quot;:500,&quot;background_slideshow_ken_burns_zoom_direction&quot;:&quot;in&quot;}\">\n\t\t\t\t<\/div>\n\t\t\t\t\t<\/div>\n\t\t\t\t<\/div>\n\t\t<div class=\"elementor-element elementor-element-17bbd46 e-flex e-con-boxed e-con e-parent\" data-id=\"17bbd46\" data-element_type=\"container\" data-e-type=\"container\">\n\t\t\t\t\t<div class=\"e-con-inner\">\n\t\t\t\t<div class=\"elementor-element elementor-element-eb9110e elementor-widget elementor-widget-heading\" data-id=\"eb9110e\" data-element_type=\"widget\" data-e-type=\"widget\" data-widget_type=\"heading.default\">\n\t\t\t\t<div class=\"elementor-widget-container\">\n\t\t\t\t\t<h1 class=\"elementor-heading-title elementor-size-default\">Conditions g\u00e9n\u00e9rales de vente d'AWB Swiss GmbH<\/h1>\t\t\t\t<\/div>\n\t\t\t\t<\/div>\n\t\t\t\t<div class=\"elementor-element elementor-element-844f3be elementor-widget elementor-widget-heading\" data-id=\"844f3be\" data-element_type=\"widget\" data-e-type=\"widget\" data-widget_type=\"heading.default\">\n\t\t\t\t<div class=\"elementor-widget-container\">\n\t\t\t\t\t<h2 class=\"elementor-heading-title elementor-size-default\">Geltungsbereich<\/h2>\t\t\t\t<\/div>\n\t\t\t\t<\/div>\n\t\t\t\t<div class=\"elementor-element elementor-element-9dc74b7 elementor-widget elementor-widget-text-editor\" data-id=\"9dc74b7\" data-element_type=\"widget\" data-e-type=\"widget\" data-widget_type=\"text-editor.default\">\n\t\t\t\t<div class=\"elementor-widget-container\">\n\t\t\t\t\t\t\t\t\t<p>Les pr\u00e9sentes conditions g\u00e9n\u00e9rales de vente (CGV) s&rsquo;appliquent \u00e0 toutes les commandes de produits pass\u00e9es via la boutique en ligne d&rsquo;AWB Swiss GmbH. En commandant des produits, le client accepte les pr\u00e9sentes CGV. <\/p>\t\t\t\t\t\t\t\t<\/div>\n\t\t\t\t<\/div>\n\t\t\t\t<div class=\"elementor-element elementor-element-7a6c82c elementor-widget elementor-widget-heading\" data-id=\"7a6c82c\" data-element_type=\"widget\" data-e-type=\"widget\" data-widget_type=\"heading.default\">\n\t\t\t\t<div class=\"elementor-widget-container\">\n\t\t\t\t\t<h2 class=\"elementor-heading-title elementor-size-default\">Partie contractante<\/h2>\t\t\t\t<\/div>\n\t\t\t\t<\/div>\n\t\t\t\t<div class=\"elementor-element elementor-element-ee136e9 elementor-widget elementor-widget-text-editor\" data-id=\"ee136e9\" data-element_type=\"widget\" data-e-type=\"widget\" data-widget_type=\"text-editor.default\">\n\t\t\t\t<div class=\"elementor-widget-container\">\n\t\t\t\t\t\t\t\t\t<p>AWB Swiss GmbH<\/p><p>Oberacher 1<\/p><p>CH-6315 Morgarten<\/p><p><span style=\"color: #d52b1e;\"><strong><span \n                data-original-string='mLb1rtk0pP8+LolEHU8bSw==610rG79Vql4QPj7JdO+yS3ozg=='\n                class='apbct-email-encoder'\n                title='This contact has been encoded by Anti-Spam by CleanTalk. Click to decode. To finish the decoding make sure that JavaScript is enabled in your browser.'>in<span class=\"apbct-blur\">**<\/span>@<span class=\"apbct-blur\">*<\/span>wb.de<\/span><\/strong><\/span><\/p>\t\t\t\t\t\t\t\t<\/div>\n\t\t\t\t<\/div>\n\t\t\t\t<div class=\"elementor-element elementor-element-572e406 elementor-widget elementor-widget-heading\" data-id=\"572e406\" data-element_type=\"widget\" data-e-type=\"widget\" data-widget_type=\"heading.default\">\n\t\t\t\t<div class=\"elementor-widget-container\">\n\t\t\t\t\t<h2 class=\"elementor-heading-title elementor-size-default\">Conclusion du contrat<\/h2>\t\t\t\t<\/div>\n\t\t\t\t<\/div>\n\t\t\t\t<div class=\"elementor-element elementor-element-efe69e0 elementor-widget elementor-widget-text-editor\" data-id=\"efe69e0\" data-element_type=\"widget\" data-e-type=\"widget\" data-widget_type=\"text-editor.default\">\n\t\t\t\t<div class=\"elementor-widget-container\">\n\t\t\t\t\t\t\t\t\t<ol><li data-start=\"832\" data-end=\"964\">La pr\u00e9sentation des produits dans la boutique en ligne ne constitue pas une offre juridiquement contraignante, mais une invitation \u00e0 passer commande.<\/li><li data-start=\"832\" data-end=\"964\">En cliquant sur le bouton \u00ab Commander \u00bb, le client soumet une offre ferme d&rsquo;achat des produits contenus dans le panier.<\/li><li data-start=\"832\" data-end=\"964\">Le contrat est conclu d\u00e8s que AWB Swiss GmbH accepte l&rsquo;offre en envoyant une confirmation de commande par e-mail.<\/li><\/ol>\t\t\t\t\t\t\t\t<\/div>\n\t\t\t\t<\/div>\n\t\t\t\t<div class=\"elementor-element elementor-element-9017f95 elementor-widget elementor-widget-heading\" data-id=\"9017f95\" data-element_type=\"widget\" data-e-type=\"widget\" data-widget_type=\"heading.default\">\n\t\t\t\t<div class=\"elementor-widget-container\">\n\t\t\t\t\t<h2 class=\"elementor-heading-title elementor-size-default\">Prix et paiement<\/h2>\t\t\t\t<\/div>\n\t\t\t\t<\/div>\n\t\t\t\t<div class=\"elementor-element elementor-element-57ebba9 elementor-widget elementor-widget-text-editor\" data-id=\"57ebba9\" data-element_type=\"widget\" data-e-type=\"widget\" data-widget_type=\"text-editor.default\">\n\t\t\t\t<div class=\"elementor-widget-container\">\n\t\t\t\t\t\t\t\t\t<ol><li data-start=\"1274\" data-end=\"1370\">Tous les prix sont indiqu\u00e9s en CHF et incluent la taxe sur la valeur ajout\u00e9e l\u00e9gale, le cas \u00e9ch\u00e9ant. <\/li><li data-start=\"1274\" data-end=\"1370\">Le client peut choisir parmi les modes de paiement propos\u00e9s dans la boutique.<\/li><li data-start=\"1274\" data-end=\"1370\">La livraison n&rsquo;aura lieu qu&rsquo;apr\u00e8s r\u00e9ception du paiement complet, sauf indication contraire dans le processus de commande.<\/li><\/ol>\t\t\t\t\t\t\t\t<\/div>\n\t\t\t\t<\/div>\n\t\t\t\t<div class=\"elementor-element elementor-element-35c09b9 elementor-widget elementor-widget-heading\" data-id=\"35c09b9\" data-element_type=\"widget\" data-e-type=\"widget\" data-widget_type=\"heading.default\">\n\t\t\t\t<div class=\"elementor-widget-container\">\n\t\t\t\t\t<h2 class=\"elementor-heading-title elementor-size-default\">Livraison<\/h2>\t\t\t\t<\/div>\n\t\t\t\t<\/div>\n\t\t\t\t<div class=\"elementor-element elementor-element-b41f489 elementor-widget elementor-widget-text-editor\" data-id=\"b41f489\" data-element_type=\"widget\" data-e-type=\"widget\" data-widget_type=\"text-editor.default\">\n\t\t\t\t<div class=\"elementor-widget-container\">\n\t\t\t\t\t\t\t\t\t<ol><li data-start=\"1590\" data-end=\"1651\">La livraison est effectu\u00e9e \u00e0 l&rsquo;adresse indiqu\u00e9e par le client.<\/li><li data-start=\"1590\" data-end=\"1651\">Les d\u00e9lais de livraison sont indiqu\u00e9s lors du processus de commande et sont sans engagement.<\/li><li data-start=\"1590\" data-end=\"1651\">Si un produit n&rsquo;est pas disponible, AWB Swiss GmbH se r\u00e9serve le droit de ne pas ex\u00e9cuter la commande et d&rsquo;en informer imm\u00e9diatement le client.<\/li><\/ol>\t\t\t\t\t\t\t\t<\/div>\n\t\t\t\t<\/div>\n\t\t\t\t<div class=\"elementor-element elementor-element-d172a07 elementor-widget elementor-widget-heading\" data-id=\"d172a07\" data-element_type=\"widget\" data-e-type=\"widget\" data-widget_type=\"heading.default\">\n\t\t\t\t<div class=\"elementor-widget-container\">\n\t\t\t\t\t<h2 class=\"elementor-heading-title elementor-size-default\">R\u00e9serve de propri\u00e9t\u00e9<\/h2>\t\t\t\t<\/div>\n\t\t\t\t<\/div>\n\t\t\t\t<div class=\"elementor-element elementor-element-8a20376 elementor-widget elementor-widget-text-editor\" data-id=\"8a20376\" data-element_type=\"widget\" data-e-type=\"widget\" data-widget_type=\"text-editor.default\">\n\t\t\t\t<div class=\"elementor-widget-container\">\n\t\t\t\t\t\t\t\t\t<p data-start=\"1903\" data-end=\"2023\">Les produits livr\u00e9s restent la propri\u00e9t\u00e9 d&rsquo;AWB Swiss GmbH jusqu&rsquo;\u00e0 leur paiement int\u00e9gral.<\/p>\t\t\t\t\t\t\t\t<\/div>\n\t\t\t\t<\/div>\n\t\t\t\t<div class=\"elementor-element elementor-element-2c1eca2 elementor-widget elementor-widget-heading\" data-id=\"2c1eca2\" data-element_type=\"widget\" data-e-type=\"widget\" data-widget_type=\"heading.default\">\n\t\t\t\t<div class=\"elementor-widget-container\">\n\t\t\t\t\t<h2 class=\"elementor-heading-title elementor-size-default\">Retour et r\u00e9tractation<\/h2>\t\t\t\t<\/div>\n\t\t\t\t<\/div>\n\t\t\t\t<div class=\"elementor-element elementor-element-9c13105 elementor-widget elementor-widget-text-editor\" data-id=\"9c13105\" data-element_type=\"widget\" data-e-type=\"widget\" data-widget_type=\"text-editor.default\">\n\t\t\t\t<div class=\"elementor-widget-container\">\n\t\t\t\t\t\t\t\t\t<p>En Suisse, il n&rsquo;existe aucune obligation l\u00e9gale de reprise des produits physiques. Toutefois, AWB Swiss GmbH offre \u00e0 titre commercial un d\u00e9lai de reprise de 30 jours. Vous trouverez plus de d\u00e9tails \u00e0 ce sujet sur notre page <span style=\"color: #d52b1e;\"><strong><a class=\"decorated-link\" style=\"color: #d52b1e;\" href=\"https:\/\/awb.de\/fr\/remboursement-retours\/\" rel=\"noopener\" data-start=\"2260\" data-end=\"2284\">Retours et \u00e9changes<\/a><\/strong><\/span>.  <\/p>\t\t\t\t\t\t\t\t<\/div>\n\t\t\t\t<\/div>\n\t\t\t\t<div class=\"elementor-element elementor-element-4434a11 elementor-widget elementor-widget-heading\" data-id=\"4434a11\" data-element_type=\"widget\" data-e-type=\"widget\" data-widget_type=\"heading.default\">\n\t\t\t\t<div class=\"elementor-widget-container\">\n\t\t\t\t\t<h2 class=\"elementor-heading-title elementor-size-default\">Garantie<\/h2>\t\t\t\t<\/div>\n\t\t\t\t<\/div>\n\t\t\t\t<div class=\"elementor-element elementor-element-dc03b73 elementor-widget elementor-widget-text-editor\" data-id=\"dc03b73\" data-element_type=\"widget\" data-e-type=\"widget\" data-widget_type=\"text-editor.default\">\n\t\t\t\t<div class=\"elementor-widget-container\">\n\t\t\t\t\t\t\t\t\t<ol><li data-start=\"2313\" data-end=\"2379\">Les droits de garantie l\u00e9gaux en vigueur en Suisse s&rsquo;appliquent.<\/li><li data-start=\"2313\" data-end=\"2379\">Les r\u00e9clamations pour d\u00e9fauts doivent \u00eatre adress\u00e9es imm\u00e9diatement par \u00e9crit \u00e0 <a href=\"https:\/\/awb.de\/fr\/kontakt\/\"><span \n                data-original-string='NKFxOX+vvgRSk\/6zWPTXfg==610HK0EGgMF90QoEG2Ae3Z8Hg=='\n                class='apbct-email-encoder'\n                title='This contact has been encoded by Anti-Spam by CleanTalk. Click to decode. To finish the decoding make sure that JavaScript is enabled in your browser.'>in<span class=\"apbct-blur\">**<\/span>@<span class=\"apbct-blur\">*<\/span>wb.de<\/span>.<\/a><\/li><\/ol>\t\t\t\t\t\t\t\t<\/div>\n\t\t\t\t<\/div>\n\t\t\t\t<div class=\"elementor-element elementor-element-475de86 elementor-widget elementor-widget-heading\" data-id=\"475de86\" data-element_type=\"widget\" data-e-type=\"widget\" data-widget_type=\"heading.default\">\n\t\t\t\t<div class=\"elementor-widget-container\">\n\t\t\t\t\t<h2 class=\"elementor-heading-title elementor-size-default\">Responsabilit\u00e9<\/h2>\t\t\t\t<\/div>\n\t\t\t\t<\/div>\n\t\t\t\t<div class=\"elementor-element elementor-element-18a7855 elementor-widget elementor-widget-text-editor\" data-id=\"18a7855\" data-element_type=\"widget\" data-e-type=\"widget\" data-widget_type=\"text-editor.default\">\n\t\t\t\t<div class=\"elementor-widget-container\">\n\t\t\t\t\t\t\t\t\t<ol><li data-start=\"2493\" data-end=\"2676\">AWB Swiss GmbH assume une responsabilit\u00e9 illimit\u00e9e pour les dommages r\u00e9sultant d&rsquo;une atteinte \u00e0 la vie, \u00e0 l&rsquo;int\u00e9grit\u00e9 physique ou \u00e0 la sant\u00e9, qui sont dus \u00e0 une violation par n\u00e9gligence ou intentionnelle de ses obligations.<\/li><li data-start=\"2493\" data-end=\"2676\">AWB Swiss GmbH n&rsquo;est responsable des autres dommages qu&rsquo;en cas de n\u00e9gligence grave ou d&rsquo;intention d\u00e9lib\u00e9r\u00e9e.<\/li><\/ol>\t\t\t\t\t\t\t\t<\/div>\n\t\t\t\t<\/div>\n\t\t\t\t<div class=\"elementor-element elementor-element-3ebdb19 elementor-widget elementor-widget-heading\" data-id=\"3ebdb19\" data-element_type=\"widget\" data-e-type=\"widget\" data-widget_type=\"heading.default\">\n\t\t\t\t<div class=\"elementor-widget-container\">\n\t\t\t\t\t<h2 class=\"elementor-heading-title elementor-size-default\">Clause de non-responsabilit\u00e9 \/ Remarque m\u00e9dicale<\/h2>\t\t\t\t<\/div>\n\t\t\t\t<\/div>\n\t\t\t\t<div class=\"elementor-element elementor-element-40b0782 elementor-widget elementor-widget-text-editor\" data-id=\"40b0782\" data-element_type=\"widget\" data-e-type=\"widget\" data-widget_type=\"text-editor.default\">\n\t\t\t\t<div class=\"elementor-widget-container\">\n\t\t\t\t\t\t\t\t\t<p>Les produits propos\u00e9s par AWB Swiss GmbH ne sont pas des dispositifs m\u00e9dicaux et ne remplacent pas un diagnostic ou un traitement m\u00e9dical. Aucune promesse de gu\u00e9rison n&rsquo;est faite. Les effets, r\u00e9sultats ou exp\u00e9riences possibles d\u00e9crits ne sont pas scientifiquement prouv\u00e9s et ne sont pas reconnus par l&rsquo;ensemble de la communaut\u00e9 scientifique et m\u00e9dicale conventionnelle.  <\/p><p><br data-start=\"1039\" data-end=\"1042\">Les clients qui ont des probl\u00e8mes de sant\u00e9 ou qui souhaitent obtenir des r\u00e9ponses \u00e0 des questions d&rsquo;ordre m\u00e9dical doivent s&rsquo;adresser \u00e0 un professionnel de sant\u00e9 qualifi\u00e9. L&rsquo;utilisation des produits rel\u00e8ve de la responsabilit\u00e9 de chacun. <\/p><p>Voir aussi : <span style=\"color: #d52b1e;\"><strong><a style=\"color: #d52b1e;\" href=\"https:\/\/awb.de\/fr\/mentions-legales-2\/\">Mentions l\u00e9gales relatives \u00e0 l&rsquo;Alpha Wave Box<\/a><\/strong><\/span><\/p>\t\t\t\t\t\t\t\t<\/div>\n\t\t\t\t<\/div>\n\t\t\t\t<div class=\"elementor-element elementor-element-c073fb2 elementor-widget elementor-widget-heading\" data-id=\"c073fb2\" data-element_type=\"widget\" data-e-type=\"widget\" data-widget_type=\"heading.default\">\n\t\t\t\t<div class=\"elementor-widget-container\">\n\t\t\t\t\t<h2 class=\"elementor-heading-title elementor-size-default\">Protection des donn\u00e9es<\/h2>\t\t\t\t<\/div>\n\t\t\t\t<\/div>\n\t\t\t\t<div class=\"elementor-element elementor-element-9b6c437 elementor-widget elementor-widget-text-editor\" data-id=\"9b6c437\" data-element_type=\"widget\" data-e-type=\"widget\" data-widget_type=\"text-editor.default\">\n\t\t\t\t<div class=\"elementor-widget-container\">\n\t\t\t\t\t\t\t\t\t<p>Le traitement des donn\u00e9es personnelles s&rsquo;effectue conform\u00e9ment \u00e0 notre <span style=\"color: #d52b1e;\"><strong><a class=\"decorated-link\" style=\"color: #d52b1e;\" href=\"https:\/\/awb.de\/fr\/declaration-de-confidentialite\/\" rel=\"noopener\" data-start=\"2855\" data-end=\"2880\">d\u00e9claration de confidentialit\u00e9<\/a><\/strong><\/span>.<\/p>\t\t\t\t\t\t\t\t<\/div>\n\t\t\t\t<\/div>\n\t\t\t\t<div class=\"elementor-element elementor-element-d88d080 elementor-widget elementor-widget-heading\" data-id=\"d88d080\" data-element_type=\"widget\" data-e-type=\"widget\" data-widget_type=\"heading.default\">\n\t\t\t\t<div class=\"elementor-widget-container\">\n\t\t\t\t\t<h2 class=\"elementor-heading-title elementor-size-default\">Schlussbestimmungen<\/h2>\t\t\t\t<\/div>\n\t\t\t\t<\/div>\n\t\t\t\t<div class=\"elementor-element elementor-element-42714c6 elementor-widget elementor-widget-text-editor\" data-id=\"42714c6\" data-element_type=\"widget\" data-e-type=\"widget\" data-widget_type=\"text-editor.default\">\n\t\t\t\t<div class=\"elementor-widget-container\">\n\t\t\t\t\t\t\t\t\t<ol><li data-start=\"2914\" data-end=\"2946\">Le droit suisse s&rsquo;applique.<\/li><li data-start=\"2914\" data-end=\"2946\">Si une disposition des pr\u00e9sentes CGV s&rsquo;av\u00e9rait invalide, la validit\u00e9 des autres dispositions n&rsquo;en serait pas affect\u00e9e.<\/li><\/ol>\t\t\t\t\t\t\t\t<\/div>\n\t\t\t\t<\/div>\n\t\t\t\t<div class=\"elementor-element elementor-element-9fa2bd5 elementor-widget-divider--view-line elementor-widget elementor-widget-divider\" data-id=\"9fa2bd5\" data-element_type=\"widget\" data-e-type=\"widget\" data-widget_type=\"divider.default\">\n\t\t\t\t<div class=\"elementor-widget-container\">\n\t\t\t\t\t\t\t<div class=\"elementor-divider\">\n\t\t\t<span class=\"elementor-divider-separator\">\n\t\t\t\t\t\t<\/span>\n\t\t<\/div>\n\t\t\t\t\t\t<\/div>\n\t\t\t\t<\/div>\n\t\t\t\t<div class=\"elementor-element elementor-element-bead116 elementor-widget elementor-widget-text-editor\" data-id=\"bead116\" data-element_type=\"widget\" data-e-type=\"widget\" data-widget_type=\"text-editor.default\">\n\t\t\t\t<div class=\"elementor-widget-container\">\n\t\t\t\t\t\t\t\t\t<p>\u00c9tat au 10 d\u00e9cembre 2025<\/p>\t\t\t\t\t\t\t\t<\/div>\n\t\t\t\t<\/div>\n\t\t\t\t\t<\/div>\n\t\t\t\t<\/div>\n\t\t\t\t<\/div>\n\t\t","protected":false},"excerpt":{"rendered":"<p>Conditions g\u00e9n\u00e9rales de vente d&rsquo;AWB Swiss GmbH Geltungsbereich Les pr\u00e9sentes conditions g\u00e9n\u00e9rales de vente (CGV) s&rsquo;appliquent \u00e0 toutes les commandes de produits pass\u00e9es via la boutique en ligne d&rsquo;AWB Swiss GmbH. En commandant des produits, le client accepte les pr\u00e9sentes CGV. Partie contractante AWB Swiss GmbH Oberacher 1 CH-6315 Morgarten in**@*wb.de Conclusion du contrat La [&hellip;]<\/p>\n","protected":false},"author":1,"featured_media":0,"parent":0,"menu_order":21,"comment_status":"closed","ping_status":"closed","template":"","meta":{"_acf_changed":false,"footnotes":""},"class_list":["post-4004","page","type-page","status-publish","hentry"],"acf":[],"_links":{"self":[{"href":"https:\/\/awb.de\/fr\/wp-json\/wp\/v2\/pages\/4004","targetHints":{"allow":["GET"]}}],"collection":[{"href":"https:\/\/awb.de\/fr\/wp-json\/wp\/v2\/pages"}],"about":[{"href":"https:\/\/awb.de\/fr\/wp-json\/wp\/v2\/types\/page"}],"author":[{"embeddable":true,"href":"https:\/\/awb.de\/fr\/wp-json\/wp\/v2\/users\/1"}],"replies":[{"embeddable":true,"href":"https:\/\/awb.de\/fr\/wp-json\/wp\/v2\/comments?post=4004"}],"version-history":[{"count":4,"href":"https:\/\/awb.de\/fr\/wp-json\/wp\/v2\/pages\/4004\/revisions"}],"predecessor-version":[{"id":4066,"href":"https:\/\/awb.de\/fr\/wp-json\/wp\/v2\/pages\/4004\/revisions\/4066"}],"wp:attachment":[{"href":"https:\/\/awb.de\/fr\/wp-json\/wp\/v2\/media?parent=4004"}],"curies":[{"name":"wp","href":"https:\/\/api.w.org\/{rel}","templated":true}]}}