{"id":4450,"date":"2025-12-24T09:45:08","date_gmt":"2025-12-24T08:45:08","guid":{"rendered":"https:\/\/awb.de\/product\/alpha-wave-box-chakra\/"},"modified":"2026-02-19T10:54:23","modified_gmt":"2026-02-19T09:54:23","slug":"alpha-wave-box-chakra","status":"publish","type":"product","link":"https:\/\/awb.de\/fr\/produit\/alpha-wave-box-chakra\/","title":{"rendered":"Alpha Wave Box &#8211; Chakra"},"content":{"rendered":"<p>Stabilisation \u00e9nerg\u00e9tique quotidienne, r\u00e9silience et coh\u00e9rence<\/p>\n","protected":false},"excerpt":{"rendered":"<p>Stabilisation \u00e9nerg\u00e9tique quotidienne, r\u00e9silience et coh\u00e9rence<\/p>\n","protected":false},"featured_media":4785,"comment_status":"closed","ping_status":"closed","template":"","meta":{"_acf_changed":false},"product_brand":[],"product_cat":[59],"product_tag":[],"class_list":{"0":"post-4450","1":"product","2":"type-product","3":"status-publish","4":"has-post-thumbnail","6":"product_cat-alpha-wave-box","8":"first","9":"instock","10":"taxable","11":"shipping-taxable","12":"purchasable","13":"product-type-simple"},"acf":[],"_links":{"self":[{"href":"https:\/\/awb.de\/fr\/wp-json\/wp\/v2\/product\/4450","targetHints":{"allow":["GET"]}}],"collection":[{"href":"https:\/\/awb.de\/fr\/wp-json\/wp\/v2\/product"}],"about":[{"href":"https:\/\/awb.de\/fr\/wp-json\/wp\/v2\/types\/product"}],"replies":[{"embeddable":true,"href":"https:\/\/awb.de\/fr\/wp-json\/wp\/v2\/comments?post=4450"}],"version-history":[{"count":2,"href":"https:\/\/awb.de\/fr\/wp-json\/wp\/v2\/product\/4450\/revisions"}],"predecessor-version":[{"id":4725,"href":"https:\/\/awb.de\/fr\/wp-json\/wp\/v2\/product\/4450\/revisions\/4725"}],"wp:featuredmedia":[{"embeddable":true,"href":"https:\/\/awb.de\/fr\/wp-json\/wp\/v2\/media\/4785"}],"wp:attachment":[{"href":"https:\/\/awb.de\/fr\/wp-json\/wp\/v2\/media?parent=4450"}],"wp:term":[{"taxonomy":"product_brand","embeddable":true,"href":"https:\/\/awb.de\/fr\/wp-json\/wp\/v2\/product_brand?post=4450"},{"taxonomy":"product_cat","embeddable":true,"href":"https:\/\/awb.de\/fr\/wp-json\/wp\/v2\/product_cat?post=4450"},{"taxonomy":"product_tag","embeddable":true,"href":"https:\/\/awb.de\/fr\/wp-json\/wp\/v2\/product_tag?post=4450"}],"curies":[{"name":"wp","href":"https:\/\/api.w.org\/{rel}","templated":true}]}}