{"id":4238,"date":"2025-09-15T08:17:25","date_gmt":"2025-09-15T06:17:25","guid":{"rendered":"https:\/\/awb.de\/note-legali-2\/"},"modified":"2025-12-19T16:45:00","modified_gmt":"2025-12-19T15:45:00","slug":"note-legali-2","status":"publish","type":"page","link":"https:\/\/awb.de\/it\/note-legali-2\/","title":{"rendered":"Note legali relative alla Alpha Wave-Box"},"content":{"rendered":"\t\t<div data-elementor-type=\"wp-page\" data-elementor-id=\"4238\" class=\"elementor elementor-4238 elementor-1211\" data-elementor-post-type=\"page\">\n\t\t\t\t<div class=\"elementor-element elementor-element-915ad3a e-flex e-con-boxed e-con e-parent\" data-id=\"915ad3a\" data-element_type=\"container\" data-e-type=\"container\" data-settings=\"{&quot;background_background&quot;:&quot;slideshow&quot;,&quot;background_slideshow_slide_duration&quot;:2500,&quot;background_slideshow_transition_duration&quot;:2500,&quot;background_slideshow_ken_burns&quot;:&quot;yes&quot;,&quot;background_slideshow_gallery&quot;:[],&quot;background_slideshow_loop&quot;:&quot;yes&quot;,&quot;background_slideshow_slide_transition&quot;:&quot;fade&quot;,&quot;background_slideshow_ken_burns_zoom_direction&quot;:&quot;in&quot;}\">\n\t\t\t\t\t<div class=\"e-con-inner\">\n\t\t<div class=\"elementor-element elementor-element-916c8ce e-con-full e-flex e-con e-child\" data-id=\"916c8ce\" data-element_type=\"container\" data-e-type=\"container\" data-settings=\"{&quot;background_background&quot;:&quot;slideshow&quot;,&quot;background_slideshow_gallery&quot;:[{&quot;id&quot;:3694,&quot;url&quot;:&quot;https:\\\/\\\/awb.de\\\/wp-content\\\/uploads\\\/2025\\\/08\\\/reflexion-der-berge-und-alten-gebaude-im-see-mit-einem-holzernen-pier-im-vordergrund-scaled.jpg&quot;},{&quot;id&quot;:3854,&quot;url&quot;:&quot;https:\\\/\\\/awb.de\\\/wp-content\\\/uploads\\\/2025\\\/09\\\/resonanz-illustration.jpg&quot;},{&quot;id&quot;:3855,&quot;url&quot;:&quot;https:\\\/\\\/awb.de\\\/wp-content\\\/uploads\\\/2025\\\/09\\\/bergkristallquarz-cluster-schwarzer-hintergrund-e1759102851266.jpg&quot;},{&quot;id&quot;:3690,&quot;url&quot;:&quot;https:\\\/\\\/awb.de\\\/wp-content\\\/uploads\\\/2025\\\/08\\\/olivenbaumrinde-aus-der-nahe.jpg&quot;}],&quot;background_slideshow_ken_burns&quot;:&quot;yes&quot;,&quot;background_slideshow_loop&quot;:&quot;yes&quot;,&quot;background_slideshow_slide_duration&quot;:5000,&quot;background_slideshow_slide_transition&quot;:&quot;fade&quot;,&quot;background_slideshow_transition_duration&quot;:500,&quot;background_slideshow_ken_burns_zoom_direction&quot;:&quot;in&quot;}\">\n\t\t\t\t<\/div>\n\t\t\t\t\t<\/div>\n\t\t\t\t<\/div>\n\t\t<div class=\"elementor-element elementor-element-dabc31f e-flex e-con-boxed e-con e-parent\" data-id=\"dabc31f\" data-element_type=\"container\" data-e-type=\"container\">\n\t\t\t\t\t<div class=\"e-con-inner\">\n\t\t<div class=\"elementor-element elementor-element-23b286d e-con-full e-flex e-con e-child\" data-id=\"23b286d\" data-element_type=\"container\" data-e-type=\"container\">\n\t\t\t\t<div class=\"elementor-element elementor-element-9a3e6bb elementor-widget elementor-widget-heading\" data-id=\"9a3e6bb\" data-element_type=\"widget\" data-e-type=\"widget\" data-widget_type=\"heading.default\">\n\t\t\t\t<div class=\"elementor-widget-container\">\n\t\t\t\t\t<h2 class=\"elementor-heading-title elementor-size-default\">Note legali relative alla Alpha Wave-Box<\/h2>\t\t\t\t<\/div>\n\t\t\t\t<\/div>\n\t\t\t\t<div class=\"elementor-element elementor-element-36659c5 elementor-widget elementor-widget-text-editor\" data-id=\"36659c5\" data-element_type=\"widget\" data-e-type=\"widget\" data-widget_type=\"text-editor.default\">\n\t\t\t\t<div class=\"elementor-widget-container\">\n\t\t\t\t\t\t\t\t\t<p>L&#8217;Alpha Wave Box agisce esclusivamente a livello energetico e non \u00e8 classificato come dispositivo medico. Il suo utilizzo non serve al trattamento di malattie e non sostituisce in alcun modo una diagnosi o una terapia medica. <\/p><p>\u00c8 importante che Lei comprenda che la tecnologia alla base di questo dispositivo non \u00e8 riconosciuta dall&#8217;intera comunit\u00e0 scientifica e medica tradizionale. Allo stesso tempo, secondo recenti studi scientifici, l&#8217;emissione di campi elettromagnetici, come quelli generati da questo dispositivo, \u00e8 considerata innocua per la salute. <\/p><p><strong>Il produttore dell&#8217;Alpha Wave Box non Le promette alcuna cura o alleviamento dei disturbi.<\/strong><\/p>\t\t\t\t\t\t\t\t<\/div>\n\t\t\t\t<\/div>\n\t\t\t\t<\/div>\n\t\t\t\t\t<\/div>\n\t\t\t\t<\/div>\n\t\t\t\t<\/div>\n\t\t","protected":false},"excerpt":{"rendered":"<p>Note legali relative alla Alpha Wave-Box L&#8217;Alpha Wave Box agisce esclusivamente a livello energetico e non \u00e8 classificato come dispositivo medico. Il suo utilizzo non serve al trattamento di malattie e non sostituisce in alcun modo una diagnosi o una terapia medica. \u00c8 importante che Lei comprenda che la tecnologia alla base di questo dispositivo [&hellip;]<\/p>\n","protected":false},"author":1,"featured_media":0,"parent":0,"menu_order":25,"comment_status":"closed","ping_status":"closed","template":"","meta":{"_acf_changed":false,"footnotes":""},"class_list":["post-4238","page","type-page","status-publish","hentry"],"acf":[],"_links":{"self":[{"href":"https:\/\/awb.de\/it\/wp-json\/wp\/v2\/pages\/4238","targetHints":{"allow":["GET"]}}],"collection":[{"href":"https:\/\/awb.de\/it\/wp-json\/wp\/v2\/pages"}],"about":[{"href":"https:\/\/awb.de\/it\/wp-json\/wp\/v2\/types\/page"}],"author":[{"embeddable":true,"href":"https:\/\/awb.de\/it\/wp-json\/wp\/v2\/users\/1"}],"replies":[{"embeddable":true,"href":"https:\/\/awb.de\/it\/wp-json\/wp\/v2\/comments?post=4238"}],"version-history":[{"count":1,"href":"https:\/\/awb.de\/it\/wp-json\/wp\/v2\/pages\/4238\/revisions"}],"predecessor-version":[{"id":4239,"href":"https:\/\/awb.de\/it\/wp-json\/wp\/v2\/pages\/4238\/revisions\/4239"}],"wp:attachment":[{"href":"https:\/\/awb.de\/it\/wp-json\/wp\/v2\/media?parent=4238"}],"curies":[{"name":"wp","href":"https:\/\/api.w.org\/{rel}","templated":true}]}}